{"id":1483,"date":"2025-09-29T01:44:17","date_gmt":"2025-09-28T23:44:17","guid":{"rendered":"https:\/\/www.landimkerei-schulz.de\/lis_v1\/?page_id=1483"},"modified":"2025-10-20T01:43:13","modified_gmt":"2025-10-19T23:43:13","slug":"werben-bei-uns","status":"publish","type":"page","link":"https:\/\/www.landimkerei-schulz.de\/lis_v1\/werben-bei-uns\/","title":{"rendered":"Werben bei uns"},"content":{"rendered":"<h3 style=\"text-align: center;\"><span style=\"color: #0000ff;\"><strong>Werben bei uns<\/strong><\/span><\/h3>\n<p>Wir bieten allen Interessierten an, bei uns Werbung zu schalten. Bevorzugt schalten wir aber Werbung von H\u00e4ndlern und Gewerbetreibenden, welche mit Bienen und Imkerbedarf handeln.<\/p>\n<p>Hierf\u00fcr k\u00f6nnen wir auf Landimkerei-Schulz.de verschiedene Bereiche in verschiedenen Gr\u00f6\u00dfen anbieten. Werbung kann quasi \u00fcberall auf der Webseite geschaltet werden, wir m\u00f6chten aber unsere Webseite nicht *zupflastern* mit Werbung, sondern gezielt und dezent plazieren, so das sie gesehen wird, aber das Gesamtbild der Webseite nicht zerst\u00f6rt. Daf\u00fcr werden wir bestimmte Bereiche der Webseite reservieren.<\/p>\n<p>Sie k\u00f6nnen dann auch ausw\u00e4hlen, ob Sie exklusiv einen Werbeplatz buchen m\u00f6chten oder ob Sie Ihre Werbung im Wechsel mit anderer Werbung schalten m\u00f6chten. Hier w\u00fcrde dann ein sogenannter *Slider* zum Einsatz kommen, wo immer nach 10 Sekunden die Werbeeinblendung gewechselt wird. Dieser Slider w\u00fcrde nur mit maximal 6 Werbebannern best\u00fcckt, so das Ihre Werbung mindestens einmal pro Minute f\u00fcr 10 Sekunden eingeblendet wird. Diese Variante ist dann auch etwas kosteng\u00fcnstiger.<\/p>\n<p>Es k\u00f6nnen auch spezielle Werbeaktionen angeboten werden, z.B. bei der Einf\u00fchrung neuer Artikel und\/oder Produkte bzw. bei Firmener\u00f6ffnungen, Jubil\u00e4en etc..<\/p>\n<p>Wir sind da \u00e4u\u00dferst flexibel.<\/p>\n<p>Derzeit k\u00f6nnen Sie nur Werbung bei uns buchen, in dem Sie mit uns in Kontakt treten z.B, \u00fcber unser <a href=\"https:\/\/www.landimkerei-schulz.de\/lis_v1\/kontaktformular\/\"><span style=\"color: #0000ff;\"><em>Kontaktformular<\/em><\/span><\/a> .<\/p>\n<p>In K\u00fcrze bauen wir unseren Werbebereich aus, so das Sie dann selbst Werbung buchen und schalten k\u00f6nnen. F\u00fcr spezielle Werbeaktionen sollten Sie sich aber immer mit uns in Verbindung setzen.<\/p>\n<p>Wo und wie Sie bei uns Werbung schalten k\u00f6nnen und die entsprechenden Preise erfahren Sie in K\u00fcrze hier.<\/p>\n<p>Ihr Webmaster<\/p>\n<p><em>Rico Schulz<\/em><\/p>\n","protected":false},"excerpt":{"rendered":"<p>Werben bei uns Wir bieten allen Interessierten an, bei uns Werbung zu schalten. Bevorzugt schalten wir aber Werbung von H\u00e4ndlern und Gewerbetreibenden, welche mit Bienen und Imkerbedarf handeln. Hierf\u00fcr k\u00f6nnen wir auf Landimkerei-Schulz.de verschiedene Bereiche in verschiedenen Gr\u00f6\u00dfen anbieten. Werbung kann quasi \u00fcberall auf der Webseite geschaltet werden, wir m\u00f6chten aber unsere Webseite nicht *zupflastern*<\/p>\n","protected":false},"author":1,"featured_media":0,"parent":0,"menu_order":0,"comment_status":"closed","ping_status":"closed","template":"","meta":{"_rtcl_gb_attr":"","ocean_post_layout":"","ocean_both_sidebars_style":"","ocean_both_sidebars_content_width":0,"ocean_both_sidebars_sidebars_width":0,"ocean_sidebar":"0","ocean_second_sidebar":"0","ocean_disable_margins":"enable","ocean_add_body_class":"","ocean_shortcode_before_top_bar":"","ocean_shortcode_after_top_bar":"","ocean_shortcode_before_header":"","ocean_shortcode_after_header":"","ocean_has_shortcode":"","ocean_shortcode_after_title":"","ocean_shortcode_before_footer_widgets":"","ocean_shortcode_after_footer_widgets":"","ocean_shortcode_before_footer_bottom":"","ocean_shortcode_after_footer_bottom":"","ocean_display_top_bar":"default","ocean_display_header":"default","ocean_header_style":"","ocean_center_header_left_menu":"0","ocean_custom_header_template":"0","ocean_custom_logo":0,"ocean_custom_retina_logo":0,"ocean_custom_logo_max_width":0,"ocean_custom_logo_tablet_max_width":0,"ocean_custom_logo_mobile_max_width":0,"ocean_custom_logo_max_height":0,"ocean_custom_logo_tablet_max_height":0,"ocean_custom_logo_mobile_max_height":0,"ocean_header_custom_menu":"0","ocean_menu_typo_font_family":"0","ocean_menu_typo_font_subset":"","ocean_menu_typo_font_size":0,"ocean_menu_typo_font_size_tablet":0,"ocean_menu_typo_font_size_mobile":0,"ocean_menu_typo_font_size_unit":"px","ocean_menu_typo_font_weight":"","ocean_menu_typo_font_weight_tablet":"","ocean_menu_typo_font_weight_mobile":"","ocean_menu_typo_transform":"","ocean_menu_typo_transform_tablet":"","ocean_menu_typo_transform_mobile":"","ocean_menu_typo_line_height":0,"ocean_menu_typo_line_height_tablet":0,"ocean_menu_typo_line_height_mobile":0,"ocean_menu_typo_line_height_unit":"","ocean_menu_typo_spacing":0,"ocean_menu_typo_spacing_tablet":0,"ocean_menu_typo_spacing_mobile":0,"ocean_menu_typo_spacing_unit":"","ocean_menu_link_color":"","ocean_menu_link_color_hover":"","ocean_menu_link_color_active":"","ocean_menu_link_background":"","ocean_menu_link_hover_background":"","ocean_menu_link_active_background":"","ocean_menu_social_links_bg":"","ocean_menu_social_hover_links_bg":"","ocean_menu_social_links_color":"","ocean_menu_social_hover_links_color":"","ocean_disable_title":"default","ocean_disable_heading":"default","ocean_post_title":"","ocean_post_subheading":"","ocean_post_title_style":"","ocean_post_title_background_color":"","ocean_post_title_background":0,"ocean_post_title_bg_image_position":"","ocean_post_title_bg_image_attachment":"","ocean_post_title_bg_image_repeat":"","ocean_post_title_bg_image_size":"","ocean_post_title_height":0,"ocean_post_title_bg_overlay":0.5,"ocean_post_title_bg_overlay_color":"","ocean_disable_breadcrumbs":"default","ocean_breadcrumbs_color":"","ocean_breadcrumbs_separator_color":"","ocean_breadcrumbs_links_color":"","ocean_breadcrumbs_links_hover_color":"","ocean_display_footer_widgets":"default","ocean_display_footer_bottom":"default","ocean_custom_footer_template":"0","omw_enable_modal_window":"enable","footnotes":""},"class_list":["post-1483","page","type-page","status-publish","hentry","entry"],"_links":{"self":[{"href":"https:\/\/www.landimkerei-schulz.de\/lis_v1\/wp-json\/wp\/v2\/pages\/1483","targetHints":{"allow":["GET"]}}],"collection":[{"href":"https:\/\/www.landimkerei-schulz.de\/lis_v1\/wp-json\/wp\/v2\/pages"}],"about":[{"href":"https:\/\/www.landimkerei-schulz.de\/lis_v1\/wp-json\/wp\/v2\/types\/page"}],"author":[{"embeddable":true,"href":"https:\/\/www.landimkerei-schulz.de\/lis_v1\/wp-json\/wp\/v2\/users\/1"}],"replies":[{"embeddable":true,"href":"https:\/\/www.landimkerei-schulz.de\/lis_v1\/wp-json\/wp\/v2\/comments?post=1483"}],"version-history":[{"count":2,"href":"https:\/\/www.landimkerei-schulz.de\/lis_v1\/wp-json\/wp\/v2\/pages\/1483\/revisions"}],"predecessor-version":[{"id":1889,"href":"https:\/\/www.landimkerei-schulz.de\/lis_v1\/wp-json\/wp\/v2\/pages\/1483\/revisions\/1889"}],"wp:attachment":[{"href":"https:\/\/www.landimkerei-schulz.de\/lis_v1\/wp-json\/wp\/v2\/media?parent=1483"}],"curies":[{"name":"wp","href":"https:\/\/api.w.org\/{rel}","templated":true}]}}