{"id":1478,"date":"2025-09-29T01:40:29","date_gmt":"2025-09-28T23:40:29","guid":{"rendered":"https:\/\/www.landimkerei-schulz.de\/lis_v1\/?page_id=1478"},"modified":"2025-10-20T01:37:06","modified_gmt":"2025-10-19T23:37:06","slug":"ueber-mich-und-meinen-werdegang-als-imker","status":"publish","type":"page","link":"https:\/\/www.landimkerei-schulz.de\/lis_v1\/ueber-mich-und-meinen-werdegang-als-imker\/","title":{"rendered":"\u00dcber Mich und meinen Werdegang als Imker"},"content":{"rendered":"<p>Mein Name ist Rico Schulz und ich bin 50 Jahre alt. Vor 2 Jahren konnte ich mir nun endlich nach \u00fcber 30 Jahren den Traum von der Imkerei erf\u00fcllen. Das Interesse an den Bienen hatte ich aber schon seit meiner Jugend.<\/p>\n<p>Zu DDR Zeiten und in meiner Kindheit und Jugend habe ich viele Hobbys ausprobiert und bin dann bei den Bienen h\u00e4ngen geblieben.<\/p>\n<p>In Hoyerswerda, wo ich geboren und gro\u00df geworden bin, gab es eine Arbeitsgemeinschaft Junge Imker, in der ich aktiv t\u00e4tig war. Jeden Samstag fuhr ich damals mit dem Fahrrad in die Gartenanlage, wo das Bienenhaus der AG Junge Imker stand, Sommers wie Winters. Die AG Junge Imker war auch sehr erfolgreich bei Kreis- und Bezirksspezialistenlagern der Arbeitsgemeinschaften Junger Imker. Meist erreichten wir immer den 1. und 2. Platz. Der gr\u00f6\u00dfte Erfolg war damals die Teilnahme und der 3. Platz an dem DDR-Spezialistenlager der Jungen Imker in Erfurt auf der damaligen IGA, heute EGA.<\/p>\n<p>Als ich die Lehre als Landmaschinen-Traktorenschlosser begonnen hatte wurde die Zeit f\u00fcr die AG leider immer knapper und dann kam die Wende. Wie jeder wei\u00df, ging es in den Wendezeiten im Osten drunter und dr\u00fcber. Ich beendete meine Lehre, ging zur Bundeswehr und war danach lange krank. Irgendwann in der Mitte der 90-er Jahre zog ich dann nach Halle und danach nach K\u00f6ln. Als ich dann nach Bingen\/Rhein zog, erwachte das Interesse an der Imkerei wieder. Anfang der 2000-er Jahre zog ich dann nach Lehmen\/Mosel und dort bekam ich nach langem wieder Kontakt zu der Imkerei. Im Dorf war ein Imkermeister ans\u00e4ssig, bei dem ich meine Kenntnisse wieder auffrischen und wo ich mitarbeiten konnte. Das hatte damals viel Spa\u00df gemacht. Was ich dato nicht wusste war, das der Imkermeister mich f\u00fcr einen seiner Bienenst\u00e4nde anlernen wollte, den ich sp\u00e4ter \u00fcbernehmen sollte. Ein historischer Bienenschauer mit 25 V\u00f6lkern in modernen Magazinen. Dies erfuhr ich aber erst, als ich beruflich nach Bonn gezogen war und den Imkermeister dar\u00fcber informieren wollte. H\u00e4tte ich das eher gewusst, w\u00e4re ich wahrscheinlich nicht weggezogen. In Bonn selber war an Bienenhaltung nicht zu denken, da es da finanziell fast unm\u00f6glich war, einen Kleingarten zu pachten, bei dem Bienenhaltung erlaubt war.<\/p>\n<p>Im Jahr 2019 bin ich dann wieder zur\u00fcck in die Heimat gezogen, aber nicht nach Hoyerswerda, sondern in ein Dorf in der N\u00e4he der Stadt. Zum einen wollte ich wieder in die Heimat, zum anderen waren meine Eltern schwer erkrankt, was den Umzug dann beschleunigte.<\/p>\n<p>Hier im Dorf hatte ich nun die M\u00f6glichkeit, erst einen kleinen und dann einen gr\u00f6\u00dferen Garten anzupachten, welche beide nebeneinanderliegen und aus denen ich nun einen gro\u00dfen Garten gemacht habe. Nun endlich hatte ich die M\u00f6glichkeit, mit der Imkerei anzufangen. Die Gemeinde, der die Grundst\u00fccke geh\u00f6ren, war von der Idee der Bienenhaltung auch begeistert und gab mir die Erlaubnis dazu. Die Basis war nun geschaffen, auch wenn die G\u00e4rten recht verwildert und verwahrlost waren.<\/p>\n<p>Nun gab ich eine Suchanzeige im Internet auf, das ich mit der Imkerei anfangen m\u00f6chte und es meldete sich jemand aus der Umgebung, der noch Kuntzsch-Beuten und Zubeh\u00f6r abzugeben h\u00e4tte. Also schaute ich mir mit einem ehemaligen Klassenkameraden das Material an und kaufte es dann auch, 7 Hinterbehandlungsbeuten, Ablegerk\u00e4sten, EWK`s und entsprechende Transportbox und Aufstellh\u00e4uschen, haufenweise Kleinkram und etwas Imkerliteratur.<\/p>\n<p>Nun suchte ich hier in der Gemeinde nach Imkern, wo ich Erfahrungen sammeln konnte und man riet mir von Hinterbehandlungsbeuten und von Kuntzsch ab, warum auch immer. Also inserierte ich die Beuten wieder im Internet und es fand sich ein Interessent, welcher alle Kuntzschbeuten und die Ablegerk\u00e4sten kaufte. Nun hatte ich wieder etwas Startkapital zusammen. Aber nun brauchte ich ja trotzdem wieder Beuten oder Magazine. Also fragte ich einen Imker, und dieser hatte auf Grund einer Umstellung seiner Imkerei auf ein anderes Ma\u00df noch einige\u00a0 sogenannte Frankenbeuten im Zanderma\u00df, welche man aber auch auf das DeutschNormalMa\u00df umbauen konnte. Der vorherige Interessent hatte diese nicht abgeholt, als schenkte mir der Imker diese. Nun hatte ich 8 B\u00f6den, einige Zargen und ein paar Deckel. Er fand aber noch 2 Magazine mit Zanderr\u00e4hmchen, welche f\u00fcr mich eine gro\u00dfe Hilfe waren. Also stellte ich mir somit 5 Beuten zusammen, also so, das ich damit ohne Probleme 5 Bienenv\u00f6lker halten kann. Den Rest, welcher noch fehlt, um alle 8 zu komplettieren, werde ich nat\u00fcrlich noch nachkaufen.<\/p>\n<p>Bei einem anderen Imker, welcher im Nachbarort wohnt, konnte ich Normalma\u00dfr\u00e4hmchen g\u00fcnstig erwerben und entsprechende Mittelw\u00e4nde. Ich bestellte aber auch im Internet noch R\u00e4hmchen, Absperrgitter, Trennschiede, Rauchmaterial und die passenden Umbauschienen, um die Frankenbeuten von Zander auf Normalma\u00df umzubauen.<\/p>\n<p>\u00dcber einen Umweg im Internet lernte ich auch eine Imkerin in Hoyerswerda kennen, von welcher ich 2021 2 Ableger erstehen konnte. Aber eben nicht die Carnica, welche bei den meisten Imkern \u00fcblich sind, sondern ich bekam die sogenannte Dunkle Biene, eine europ\u00e4ische Urbiene. Ein Ableger war von einer schwedischen Zuchtline und ein Ableger von einer norwegischen Zuchtline. Diese entwickelten sich auch pr\u00e4chtig und so konnte ich beide Ableger einwintern und sogar auch wieder auswintern 2022.<\/p>\n<p>Wie es weiterging im Jahr 2022 und wie es 2023 weitergeht, erfahrt Ihr in meinem Blog, welchen Ihr <a href=\"https:\/\/www.landimkerei-schulz.de\/lis_v1\/mein-imker-blog\/\"><em><strong>HIER<\/strong><\/em><\/a> findet.<\/p>\n","protected":false},"excerpt":{"rendered":"<p>Mein Name ist Rico Schulz und ich bin 50 Jahre alt. Vor 2 Jahren konnte ich mir nun endlich nach \u00fcber 30 Jahren den Traum von der Imkerei erf\u00fcllen. Das Interesse an den Bienen hatte ich aber schon seit meiner Jugend. Zu DDR Zeiten und in meiner Kindheit und Jugend habe ich viele Hobbys ausprobiert<\/p>\n","protected":false},"author":1,"featured_media":0,"parent":0,"menu_order":0,"comment_status":"closed","ping_status":"closed","template":"","meta":{"_rtcl_gb_attr":"","ocean_post_layout":"","ocean_both_sidebars_style":"","ocean_both_sidebars_content_width":0,"ocean_both_sidebars_sidebars_width":0,"ocean_sidebar":"0","ocean_second_sidebar":"0","ocean_disable_margins":"enable","ocean_add_body_class":"","ocean_shortcode_before_top_bar":"","ocean_shortcode_after_top_bar":"","ocean_shortcode_before_header":"","ocean_shortcode_after_header":"","ocean_has_shortcode":"","ocean_shortcode_after_title":"","ocean_shortcode_before_footer_widgets":"","ocean_shortcode_after_footer_widgets":"","ocean_shortcode_before_footer_bottom":"","ocean_shortcode_after_footer_bottom":"","ocean_display_top_bar":"default","ocean_display_header":"default","ocean_header_style":"","ocean_center_header_left_menu":"0","ocean_custom_header_template":"0","ocean_custom_logo":0,"ocean_custom_retina_logo":0,"ocean_custom_logo_max_width":0,"ocean_custom_logo_tablet_max_width":0,"ocean_custom_logo_mobile_max_width":0,"ocean_custom_logo_max_height":0,"ocean_custom_logo_tablet_max_height":0,"ocean_custom_logo_mobile_max_height":0,"ocean_header_custom_menu":"0","ocean_menu_typo_font_family":"0","ocean_menu_typo_font_subset":"","ocean_menu_typo_font_size":0,"ocean_menu_typo_font_size_tablet":0,"ocean_menu_typo_font_size_mobile":0,"ocean_menu_typo_font_size_unit":"px","ocean_menu_typo_font_weight":"","ocean_menu_typo_font_weight_tablet":"","ocean_menu_typo_font_weight_mobile":"","ocean_menu_typo_transform":"","ocean_menu_typo_transform_tablet":"","ocean_menu_typo_transform_mobile":"","ocean_menu_typo_line_height":0,"ocean_menu_typo_line_height_tablet":0,"ocean_menu_typo_line_height_mobile":0,"ocean_menu_typo_line_height_unit":"","ocean_menu_typo_spacing":0,"ocean_menu_typo_spacing_tablet":0,"ocean_menu_typo_spacing_mobile":0,"ocean_menu_typo_spacing_unit":"","ocean_menu_link_color":"","ocean_menu_link_color_hover":"","ocean_menu_link_color_active":"","ocean_menu_link_background":"","ocean_menu_link_hover_background":"","ocean_menu_link_active_background":"","ocean_menu_social_links_bg":"","ocean_menu_social_hover_links_bg":"","ocean_menu_social_links_color":"","ocean_menu_social_hover_links_color":"","ocean_disable_title":"default","ocean_disable_heading":"default","ocean_post_title":"","ocean_post_subheading":"","ocean_post_title_style":"","ocean_post_title_background_color":"","ocean_post_title_background":0,"ocean_post_title_bg_image_position":"","ocean_post_title_bg_image_attachment":"","ocean_post_title_bg_image_repeat":"","ocean_post_title_bg_image_size":"","ocean_post_title_height":0,"ocean_post_title_bg_overlay":0.5,"ocean_post_title_bg_overlay_color":"","ocean_disable_breadcrumbs":"default","ocean_breadcrumbs_color":"","ocean_breadcrumbs_separator_color":"","ocean_breadcrumbs_links_color":"","ocean_breadcrumbs_links_hover_color":"","ocean_display_footer_widgets":"default","ocean_display_footer_bottom":"default","ocean_custom_footer_template":"0","omw_enable_modal_window":"enable","footnotes":""},"class_list":["post-1478","page","type-page","status-publish","hentry","entry"],"_links":{"self":[{"href":"https:\/\/www.landimkerei-schulz.de\/lis_v1\/wp-json\/wp\/v2\/pages\/1478","targetHints":{"allow":["GET"]}}],"collection":[{"href":"https:\/\/www.landimkerei-schulz.de\/lis_v1\/wp-json\/wp\/v2\/pages"}],"about":[{"href":"https:\/\/www.landimkerei-schulz.de\/lis_v1\/wp-json\/wp\/v2\/types\/page"}],"author":[{"embeddable":true,"href":"https:\/\/www.landimkerei-schulz.de\/lis_v1\/wp-json\/wp\/v2\/users\/1"}],"replies":[{"embeddable":true,"href":"https:\/\/www.landimkerei-schulz.de\/lis_v1\/wp-json\/wp\/v2\/comments?post=1478"}],"version-history":[{"count":2,"href":"https:\/\/www.landimkerei-schulz.de\/lis_v1\/wp-json\/wp\/v2\/pages\/1478\/revisions"}],"predecessor-version":[{"id":1888,"href":"https:\/\/www.landimkerei-schulz.de\/lis_v1\/wp-json\/wp\/v2\/pages\/1478\/revisions\/1888"}],"wp:attachment":[{"href":"https:\/\/www.landimkerei-schulz.de\/lis_v1\/wp-json\/wp\/v2\/media?parent=1478"}],"curies":[{"name":"wp","href":"https:\/\/api.w.org\/{rel}","templated":true}]}}