{"id":1443,"date":"2025-09-29T01:05:34","date_gmt":"2025-09-28T23:05:34","guid":{"rendered":"https:\/\/www.landimkerei-schulz.de\/lis_v1\/?page_id=1443"},"modified":"2025-10-20T01:50:17","modified_gmt":"2025-10-19T23:50:17","slug":"informationen-fuer-haendler","status":"publish","type":"page","link":"https:\/\/www.landimkerei-schulz.de\/lis_v1\/informationen-fuer-haendler\/","title":{"rendered":"Informationen f\u00fcr H\u00e4ndler"},"content":{"rendered":"<h3 style=\"text-align: center;\"><span style=\"color: #ff9900;\">Informationen f\u00fcr H\u00e4ndler<\/span><\/h3>\n<p>Ich m\u00f6chte auf meiner Imkerhomepage auch ein Angebot f\u00fcr H\u00e4ndler anbieten.<\/p>\n<p>Hierf\u00fcr haben ich erst einmal diese M\u00f6glichkeiten geschaffen:<\/p>\n<ol>\n<li><a href=\"https:\/\/www.landimkerei-schulz.de\/lis_v1\/werben-bei-uns\/\">Werbung schalten auf landimkerei-schulz.de<\/a><\/li>\n<\/ol>\n<p>Um weitere Informationen zu erhalten, klicke bitte auf den Punkt, der Dich genauer interessiert.<\/p>\n<p>Gern bin ich auch f\u00fcr weitere M\u00f6glichkeiten offen, H\u00e4ndler rund um die Imkerei sowie Imkereien, Institutionen etc. auf meiner Homepage zu pr\u00e4sentieren.<\/p>\n<p>Bei Fragen oder Anregungen kannst Du Dich jederzeit \u00fcber unser <a href=\"https:\/\/www.landimkerei-schulz.de\/lis_v1\/kontaktformular\/\">Kontaktformular<\/a> oder \u00fcber meine Mobilfunknummer 0173-8072833 melden.<\/p>\n<p><em>Rico Schulz<\/em><\/p>\n","protected":false},"excerpt":{"rendered":"<p>Informationen f\u00fcr H\u00e4ndler Ich m\u00f6chte auf meiner Imkerhomepage auch ein Angebot f\u00fcr H\u00e4ndler anbieten. Hierf\u00fcr haben ich erst einmal diese M\u00f6glichkeiten geschaffen: Werbung schalten auf landimkerei-schulz.de Um weitere Informationen zu erhalten, klicke bitte auf den Punkt, der Dich genauer interessiert. Gern bin ich auch f\u00fcr weitere M\u00f6glichkeiten offen, H\u00e4ndler rund um die Imkerei sowie Imkereien,<\/p>\n","protected":false},"author":1,"featured_media":0,"parent":0,"menu_order":0,"comment_status":"closed","ping_status":"closed","template":"","meta":{"_rtcl_gb_attr":"","ocean_post_layout":"","ocean_both_sidebars_style":"","ocean_both_sidebars_content_width":0,"ocean_both_sidebars_sidebars_width":0,"ocean_sidebar":"0","ocean_second_sidebar":"0","ocean_disable_margins":"enable","ocean_add_body_class":"","ocean_shortcode_before_top_bar":"","ocean_shortcode_after_top_bar":"","ocean_shortcode_before_header":"","ocean_shortcode_after_header":"","ocean_has_shortcode":"","ocean_shortcode_after_title":"","ocean_shortcode_before_footer_widgets":"","ocean_shortcode_after_footer_widgets":"","ocean_shortcode_before_footer_bottom":"","ocean_shortcode_after_footer_bottom":"","ocean_display_top_bar":"default","ocean_display_header":"default","ocean_header_style":"","ocean_center_header_left_menu":"0","ocean_custom_header_template":"0","ocean_custom_logo":0,"ocean_custom_retina_logo":0,"ocean_custom_logo_max_width":0,"ocean_custom_logo_tablet_max_width":0,"ocean_custom_logo_mobile_max_width":0,"ocean_custom_logo_max_height":0,"ocean_custom_logo_tablet_max_height":0,"ocean_custom_logo_mobile_max_height":0,"ocean_header_custom_menu":"0","ocean_menu_typo_font_family":"0","ocean_menu_typo_font_subset":"","ocean_menu_typo_font_size":0,"ocean_menu_typo_font_size_tablet":0,"ocean_menu_typo_font_size_mobile":0,"ocean_menu_typo_font_size_unit":"px","ocean_menu_typo_font_weight":"","ocean_menu_typo_font_weight_tablet":"","ocean_menu_typo_font_weight_mobile":"","ocean_menu_typo_transform":"","ocean_menu_typo_transform_tablet":"","ocean_menu_typo_transform_mobile":"","ocean_menu_typo_line_height":0,"ocean_menu_typo_line_height_tablet":0,"ocean_menu_typo_line_height_mobile":0,"ocean_menu_typo_line_height_unit":"","ocean_menu_typo_spacing":0,"ocean_menu_typo_spacing_tablet":0,"ocean_menu_typo_spacing_mobile":0,"ocean_menu_typo_spacing_unit":"","ocean_menu_link_color":"","ocean_menu_link_color_hover":"","ocean_menu_link_color_active":"","ocean_menu_link_background":"","ocean_menu_link_hover_background":"","ocean_menu_link_active_background":"","ocean_menu_social_links_bg":"","ocean_menu_social_hover_links_bg":"","ocean_menu_social_links_color":"","ocean_menu_social_hover_links_color":"","ocean_disable_title":"default","ocean_disable_heading":"default","ocean_post_title":"","ocean_post_subheading":"","ocean_post_title_style":"","ocean_post_title_background_color":"","ocean_post_title_background":0,"ocean_post_title_bg_image_position":"","ocean_post_title_bg_image_attachment":"","ocean_post_title_bg_image_repeat":"","ocean_post_title_bg_image_size":"","ocean_post_title_height":0,"ocean_post_title_bg_overlay":0.5,"ocean_post_title_bg_overlay_color":"","ocean_disable_breadcrumbs":"default","ocean_breadcrumbs_color":"","ocean_breadcrumbs_separator_color":"","ocean_breadcrumbs_links_color":"","ocean_breadcrumbs_links_hover_color":"","ocean_display_footer_widgets":"default","ocean_display_footer_bottom":"default","ocean_custom_footer_template":"0","omw_enable_modal_window":"enable","footnotes":""},"class_list":["post-1443","page","type-page","status-publish","hentry","entry"],"_links":{"self":[{"href":"https:\/\/www.landimkerei-schulz.de\/lis_v1\/wp-json\/wp\/v2\/pages\/1443","targetHints":{"allow":["GET"]}}],"collection":[{"href":"https:\/\/www.landimkerei-schulz.de\/lis_v1\/wp-json\/wp\/v2\/pages"}],"about":[{"href":"https:\/\/www.landimkerei-schulz.de\/lis_v1\/wp-json\/wp\/v2\/types\/page"}],"author":[{"embeddable":true,"href":"https:\/\/www.landimkerei-schulz.de\/lis_v1\/wp-json\/wp\/v2\/users\/1"}],"replies":[{"embeddable":true,"href":"https:\/\/www.landimkerei-schulz.de\/lis_v1\/wp-json\/wp\/v2\/comments?post=1443"}],"version-history":[{"count":3,"href":"https:\/\/www.landimkerei-schulz.de\/lis_v1\/wp-json\/wp\/v2\/pages\/1443\/revisions"}],"predecessor-version":[{"id":1892,"href":"https:\/\/www.landimkerei-schulz.de\/lis_v1\/wp-json\/wp\/v2\/pages\/1443\/revisions\/1892"}],"wp:attachment":[{"href":"https:\/\/www.landimkerei-schulz.de\/lis_v1\/wp-json\/wp\/v2\/media?parent=1443"}],"curies":[{"name":"wp","href":"https:\/\/api.w.org\/{rel}","templated":true}]}}