{"id":1434,"date":"2025-09-29T00:56:32","date_gmt":"2025-09-28T22:56:32","guid":{"rendered":"https:\/\/www.landimkerei-schulz.de\/lis_v1\/?page_id=1434"},"modified":"2025-09-29T01:04:08","modified_gmt":"2025-09-28T23:04:08","slug":"imkerei","status":"publish","type":"page","link":"https:\/\/www.landimkerei-schulz.de\/lis_v1\/imkerei\/","title":{"rendered":"Imkerei"},"content":{"rendered":"\t\t<div data-elementor-type=\"wp-page\" data-elementor-id=\"1434\" class=\"elementor elementor-1434\">\n\t\t\t\t\t\t<section class=\"elementor-section elementor-top-section elementor-element elementor-element-f2f3e7c elementor-section-boxed elementor-section-height-default elementor-section-height-default e-parent\" data-id=\"f2f3e7c\" data-element_type=\"section\" data-e-type=\"section\">\n\t\t\t\t\t\t<div class=\"elementor-container elementor-column-gap-default\">\n\t\t\t\t\t<div class=\"elementor-column elementor-col-100 elementor-top-column elementor-element elementor-element-7197503 lakit-col-width-auto-no\" data-id=\"7197503\" data-element_type=\"column\" data-e-type=\"column\">\n\t\t\t<div class=\"elementor-widget-wrap elementor-element-populated\">\n\t\t\t\t\t\t<section class=\"elementor-section elementor-inner-section elementor-element elementor-element-0a499bd elementor-section-boxed elementor-section-height-default elementor-section-height-default\" data-id=\"0a499bd\" data-element_type=\"section\" data-e-type=\"section\">\n\t\t\t\t\t\t<div class=\"elementor-container elementor-column-gap-default\">\n\t\t\t\t\t<div class=\"elementor-column elementor-col-100 elementor-inner-column elementor-element elementor-element-5db8e05 lakit-col-width-auto-no\" data-id=\"5db8e05\" data-element_type=\"column\" data-e-type=\"column\">\n\t\t\t<div class=\"elementor-widget-wrap elementor-element-populated\">\n\t\t\t\t\t\t<div class=\"elementor-element elementor-element-fa5be36 elementor-widget elementor-widget-heading\" data-id=\"fa5be36\" data-element_type=\"widget\" data-e-type=\"widget\" data-widget_type=\"heading.default\">\n\t\t\t\t\t<h2 class=\"elementor-heading-title elementor-size-default\">Hier m\u00f6chte ich Dir kurz meine Imkerei vorstellen.<\/h2>\t\t\t\t<\/div>\n\t\t\t\t\t<\/div>\n\t\t<\/div>\n\t\t\t\t\t<\/div>\n\t\t<\/section>\n\t\t\t\t\t<\/div>\n\t\t<\/div>\n\t\t\t\t\t<\/div>\n\t\t<\/section>\n\t\t\t\t<section class=\"elementor-section elementor-top-section elementor-element elementor-element-36763a4 elementor-section-boxed elementor-section-height-default elementor-section-height-default e-parent\" data-id=\"36763a4\" data-element_type=\"section\" data-e-type=\"section\">\n\t\t\t\t\t\t<div class=\"elementor-container elementor-column-gap-default\">\n\t\t\t\t\t<div class=\"elementor-column elementor-col-100 elementor-top-column elementor-element elementor-element-2b2065e lakit-col-width-auto-no\" data-id=\"2b2065e\" data-element_type=\"column\" data-e-type=\"column\">\n\t\t\t<div class=\"elementor-widget-wrap elementor-element-populated\">\n\t\t\t\t\t\t<section class=\"elementor-section elementor-inner-section elementor-element elementor-element-6e11496 elementor-section-boxed elementor-section-height-default elementor-section-height-default\" data-id=\"6e11496\" data-element_type=\"section\" data-e-type=\"section\">\n\t\t\t\t\t\t<div class=\"elementor-container elementor-column-gap-default\">\n\t\t\t\t\t<div class=\"elementor-column elementor-col-50 elementor-inner-column elementor-element elementor-element-afc9bc6 lakit-col-width-auto-no\" data-id=\"afc9bc6\" data-element_type=\"column\" data-e-type=\"column\">\n\t\t\t<div class=\"elementor-widget-wrap elementor-element-populated\">\n\t\t\t\t\t\t<div class=\"elementor-element elementor-element-a93422a elementor-widget elementor-widget-image\" data-id=\"a93422a\" data-element_type=\"widget\" data-e-type=\"widget\" data-widget_type=\"image.default\">\n\t\t\t\t\t\t\t\t\t\t\t\t<figure class=\"wp-caption\">\n\t\t\t\t\t\t\t\t\t\t<img fetchpriority=\"high\" decoding=\"async\" width=\"600\" height=\"800\" src=\"https:\/\/www.landimkerei-schulz.de\/lis_v1\/wp-content\/uploads\/2025\/09\/BieSt1So2022-1.jpg\" class=\"attachment-large size-large wp-image-1317\" alt=\"\" srcset=\"https:\/\/www.landimkerei-schulz.de\/lis_v1\/wp-content\/uploads\/2025\/09\/BieSt1So2022-1.jpg 600w, https:\/\/www.landimkerei-schulz.de\/lis_v1\/wp-content\/uploads\/2025\/09\/BieSt1So2022-1-504x672.jpg 504w, https:\/\/www.landimkerei-schulz.de\/lis_v1\/wp-content\/uploads\/2025\/09\/BieSt1So2022-1-225x300.jpg 225w\" sizes=\"(max-width: 600px) 100vw, 600px\" title=\"\" \/>\t\t\t\t\t\t\t\t\t\t\t<figcaption class=\"widget-image-caption wp-caption-text\">Mein Bienenstand 1 Sommer 2022<\/figcaption>\n\t\t\t\t\t\t\t\t\t\t<\/figure>\n\t\t\t\t\t\t\t\t\t<\/div>\n\t\t\t\t\t<\/div>\n\t\t<\/div>\n\t\t\t\t<div class=\"elementor-column elementor-col-50 elementor-inner-column elementor-element elementor-element-7a4a52c lakit-col-width-auto-no\" data-id=\"7a4a52c\" data-element_type=\"column\" data-e-type=\"column\">\n\t\t\t<div class=\"elementor-widget-wrap elementor-element-populated\">\n\t\t\t\t\t\t<div class=\"elementor-element elementor-element-3a96000 elementor-widget elementor-widget-text-editor\" data-id=\"3a96000\" data-element_type=\"widget\" data-e-type=\"widget\" data-widget_type=\"text-editor.default\">\n\t\t\t\t\t\t\t\t\t<p>Aktuell imkere ich in sogenannten Frankenbeuten, das sind Magazine aus Styropor. Diese habe ich geschenkt bekommen. Der Vorbesitzer hatte darin im Zanderma\u00df geimkert, ich baue diese aber um f\u00fcr das DeutschNormalMa\u00df (DNM). Dies ist ganz einfach, denn dazu brauche ich nur die alten Metallschienen vom Zanderma\u00df entfernen und auf den entsprechenden Seiten die Schienen f\u00fcr das DNM einsetzen. Das geht relativ einfach.<\/p><p>Voriges Jahr und auch beim Einf\u00fcttern habe ich noch 2 Magazine auf Zanderma\u00df gelassen (unteres Magazin DNM, oberes Magazin Zanderma\u00df), da mir aktuell noch ausreichend R\u00e4hmchen im DNM fehlen. Diese Zandermagazine werde ich dieses Jahr noch einmal als Honigraum nutzen und n\u00e4chstes Jahr werde ich alle Magazine auf das DNM umgestellt haben.<\/p>\t\t\t\t\t\t\t\t<\/div>\n\t\t\t\t\t<\/div>\n\t\t<\/div>\n\t\t\t\t\t<\/div>\n\t\t<\/section>\n\t\t\t\t\t<\/div>\n\t\t<\/div>\n\t\t\t\t\t<\/div>\n\t\t<\/section>\n\t\t\t\t<section class=\"elementor-section elementor-top-section elementor-element elementor-element-43b9e3c elementor-section-boxed elementor-section-height-default elementor-section-height-default e-parent\" data-id=\"43b9e3c\" data-element_type=\"section\" data-e-type=\"section\">\n\t\t\t\t\t\t<div class=\"elementor-container elementor-column-gap-default\">\n\t\t\t\t\t<div class=\"elementor-column elementor-col-100 elementor-top-column elementor-element elementor-element-ed5f6fb lakit-col-width-auto-no\" data-id=\"ed5f6fb\" data-element_type=\"column\" data-e-type=\"column\">\n\t\t\t<div class=\"elementor-widget-wrap elementor-element-populated\">\n\t\t\t\t\t\t<section class=\"elementor-section elementor-inner-section elementor-element elementor-element-3b67e43 elementor-section-boxed elementor-section-height-default elementor-section-height-default\" data-id=\"3b67e43\" data-element_type=\"section\" data-e-type=\"section\">\n\t\t\t\t\t\t<div class=\"elementor-container elementor-column-gap-default\">\n\t\t\t\t\t<div class=\"elementor-column elementor-col-50 elementor-inner-column elementor-element elementor-element-3d3d5d9 lakit-col-width-auto-no\" data-id=\"3d3d5d9\" data-element_type=\"column\" data-e-type=\"column\">\n\t\t\t<div class=\"elementor-widget-wrap elementor-element-populated\">\n\t\t\t\t\t\t<div class=\"elementor-element elementor-element-51a7ed5 elementor-widget elementor-widget-text-editor\" data-id=\"51a7ed5\" data-element_type=\"widget\" data-e-type=\"widget\" data-widget_type=\"text-editor.default\">\n\t\t\t\t\t\t\t\t\t<p>Aktuell habe ich ein Volk, einen starken und einen normalen Ableger eingewintert (2022 auf 2023) und hoffe, das ich alle 3 V\u00f6lker durch den Winter bekomme. Zwei V\u00f6lker habe ich mit doppelten Brutraum (2 Zargen) eingewintert und ein Ableger ist auf einer Zarge. Dieses Jahr m\u00f6chte ich meine V\u00f6lkerzahl auf circa 5 V\u00f6lker erh\u00f6hen und dementsprechend auch Ableger machen.<\/p>\t\t\t\t\t\t\t\t<\/div>\n\t\t\t\t\t<\/div>\n\t\t<\/div>\n\t\t\t\t<div class=\"elementor-column elementor-col-50 elementor-inner-column elementor-element elementor-element-2819e6a lakit-col-width-auto-no\" data-id=\"2819e6a\" data-element_type=\"column\" data-e-type=\"column\">\n\t\t\t<div class=\"elementor-widget-wrap elementor-element-populated\">\n\t\t\t\t\t\t<div class=\"elementor-element elementor-element-c3a20e7 elementor-widget elementor-widget-image\" data-id=\"c3a20e7\" data-element_type=\"widget\" data-e-type=\"widget\" data-widget_type=\"image.default\">\n\t\t\t\t\t\t\t\t\t\t\t\t<figure class=\"wp-caption\">\n\t\t\t\t\t\t\t\t\t\t<img decoding=\"async\" width=\"800\" height=\"600\" src=\"https:\/\/www.landimkerei-schulz.de\/lis_v1\/wp-content\/uploads\/2025\/09\/BieSt1Winter2023.jpg\" class=\"attachment-large size-large wp-image-1436\" alt=\"\" srcset=\"https:\/\/www.landimkerei-schulz.de\/lis_v1\/wp-content\/uploads\/2025\/09\/BieSt1Winter2023.jpg 800w, https:\/\/www.landimkerei-schulz.de\/lis_v1\/wp-content\/uploads\/2025\/09\/BieSt1Winter2023-300x225.jpg 300w, https:\/\/www.landimkerei-schulz.de\/lis_v1\/wp-content\/uploads\/2025\/09\/BieSt1Winter2023-768x576.jpg 768w, https:\/\/www.landimkerei-schulz.de\/lis_v1\/wp-content\/uploads\/2025\/09\/BieSt1Winter2023-320x240.jpg 320w, https:\/\/www.landimkerei-schulz.de\/lis_v1\/wp-content\/uploads\/2025\/09\/BieSt1Winter2023-640x480.jpg 640w, https:\/\/www.landimkerei-schulz.de\/lis_v1\/wp-content\/uploads\/2025\/09\/BieSt1Winter2023-504x378.jpg 504w\" sizes=\"(max-width: 800px) 100vw, 800px\" title=\"\" \/>\t\t\t\t\t\t\t\t\t\t\t<figcaption class=\"widget-image-caption wp-caption-text\">Mein Bienenstand 1 im Winter 2022\/2023<\/figcaption>\n\t\t\t\t\t\t\t\t\t\t<\/figure>\n\t\t\t\t\t\t\t\t\t<\/div>\n\t\t\t\t\t<\/div>\n\t\t<\/div>\n\t\t\t\t\t<\/div>\n\t\t<\/section>\n\t\t\t\t\t<\/div>\n\t\t<\/div>\n\t\t\t\t\t<\/div>\n\t\t<\/section>\n\t\t\t\t<section class=\"elementor-section elementor-top-section elementor-element elementor-element-283df7a elementor-section-boxed elementor-section-height-default elementor-section-height-default e-parent\" data-id=\"283df7a\" data-element_type=\"section\" data-e-type=\"section\">\n\t\t\t\t\t\t<div class=\"elementor-container elementor-column-gap-default\">\n\t\t\t\t\t<div class=\"elementor-column elementor-col-100 elementor-top-column elementor-element elementor-element-926d91d lakit-col-width-auto-no\" data-id=\"926d91d\" data-element_type=\"column\" data-e-type=\"column\">\n\t\t\t<div class=\"elementor-widget-wrap elementor-element-populated\">\n\t\t\t\t\t\t<section class=\"elementor-section elementor-inner-section elementor-element elementor-element-2a2942b elementor-section-boxed elementor-section-height-default elementor-section-height-default\" data-id=\"2a2942b\" data-element_type=\"section\" data-e-type=\"section\">\n\t\t\t\t\t\t<div class=\"elementor-container elementor-column-gap-default\">\n\t\t\t\t\t<div class=\"elementor-column elementor-col-50 elementor-inner-column elementor-element elementor-element-cead4a0 lakit-col-width-auto-no\" data-id=\"cead4a0\" data-element_type=\"column\" data-e-type=\"column\">\n\t\t\t<div class=\"elementor-widget-wrap elementor-element-populated\">\n\t\t\t\t\t\t<div class=\"elementor-element elementor-element-38e93df elementor-widget elementor-widget-image\" data-id=\"38e93df\" data-element_type=\"widget\" data-e-type=\"widget\" data-widget_type=\"image.default\">\n\t\t\t\t\t\t\t\t\t\t\t\t<figure class=\"wp-caption\">\n\t\t\t\t\t\t\t\t\t\t<img decoding=\"async\" width=\"800\" height=\"600\" src=\"https:\/\/www.landimkerei-schulz.de\/lis_v1\/wp-content\/uploads\/2025\/09\/BieSt2Wi2023.jpg\" class=\"attachment-large size-large wp-image-1437\" alt=\"\" srcset=\"https:\/\/www.landimkerei-schulz.de\/lis_v1\/wp-content\/uploads\/2025\/09\/BieSt2Wi2023.jpg 800w, https:\/\/www.landimkerei-schulz.de\/lis_v1\/wp-content\/uploads\/2025\/09\/BieSt2Wi2023-300x225.jpg 300w, https:\/\/www.landimkerei-schulz.de\/lis_v1\/wp-content\/uploads\/2025\/09\/BieSt2Wi2023-768x576.jpg 768w, https:\/\/www.landimkerei-schulz.de\/lis_v1\/wp-content\/uploads\/2025\/09\/BieSt2Wi2023-320x240.jpg 320w, https:\/\/www.landimkerei-schulz.de\/lis_v1\/wp-content\/uploads\/2025\/09\/BieSt2Wi2023-640x480.jpg 640w, https:\/\/www.landimkerei-schulz.de\/lis_v1\/wp-content\/uploads\/2025\/09\/BieSt2Wi2023-504x378.jpg 504w\" sizes=\"(max-width: 800px) 100vw, 800px\" title=\"\" \/>\t\t\t\t\t\t\t\t\t\t\t<figcaption class=\"widget-image-caption wp-caption-text\">Mein Bienenstand 2 (Ablegerstand) Winter 2022\/2023<\/figcaption>\n\t\t\t\t\t\t\t\t\t\t<\/figure>\n\t\t\t\t\t\t\t\t\t<\/div>\n\t\t\t\t\t<\/div>\n\t\t<\/div>\n\t\t\t\t<div class=\"elementor-column elementor-col-50 elementor-inner-column elementor-element elementor-element-24be4e5 lakit-col-width-auto-no\" data-id=\"24be4e5\" data-element_type=\"column\" data-e-type=\"column\">\n\t\t\t<div class=\"elementor-widget-wrap elementor-element-populated\">\n\t\t\t\t\t\t<div class=\"elementor-element elementor-element-f593fd3 elementor-widget elementor-widget-text-editor\" data-id=\"f593fd3\" data-element_type=\"widget\" data-e-type=\"widget\" data-widget_type=\"text-editor.default\">\n\t\t\t\t\t\t\t\t\t<p>Im Garten habe ich zwei Bienenst\u00e4nde, welche sich jeweils unter einem Vordach befinden. Die zwei oberen Bilder zeigen den Bienenstand 1 mit den Wirtschaftsv\u00f6lkern und der Bienenstand 2 (linkes Bild) ist mein Ablegerstand. Hier stehen meine Ableger etwas abseits vom Hauptstand.<\/p>\t\t\t\t\t\t\t\t<\/div>\n\t\t\t\t\t<\/div>\n\t\t<\/div>\n\t\t\t\t\t<\/div>\n\t\t<\/section>\n\t\t\t\t\t<\/div>\n\t\t<\/div>\n\t\t\t\t\t<\/div>\n\t\t<\/section>\n\t\t\t\t<section class=\"elementor-section elementor-top-section elementor-element elementor-element-2a87108 elementor-section-boxed elementor-section-height-default elementor-section-height-default e-parent\" data-id=\"2a87108\" data-element_type=\"section\" data-e-type=\"section\">\n\t\t\t\t\t\t<div class=\"elementor-container elementor-column-gap-default\">\n\t\t\t\t\t<div class=\"elementor-column elementor-col-100 elementor-top-column elementor-element elementor-element-c9bf03b lakit-col-width-auto-no\" data-id=\"c9bf03b\" data-element_type=\"column\" data-e-type=\"column\">\n\t\t\t<div class=\"elementor-widget-wrap elementor-element-populated\">\n\t\t\t\t\t\t<div class=\"elementor-element elementor-element-9ef73fe elementor-widget elementor-widget-text-editor\" data-id=\"9ef73fe\" data-element_type=\"widget\" data-e-type=\"widget\" data-widget_type=\"text-editor.default\">\n\t\t\t\t\t\t\t\t\t<p>Ich selber imkere mit der sogenannten dunklen Biene, welche fr\u00fcher mal im europ\u00e4ischen Raum heimisch war. Ich bin von dieser Bienenrasse sehr begeistert, wobei sich aber auch hier Unterschiede zeigten. Meine Patenimkerin hatte mir 2021 einen Ableger einer schwedischen Zuchtlinie und einen Ableger einer norwegischen Zuchtlinie gebracht und im Jahr 2022 zeigte sich, das der norwegische Ableger im Fr\u00fchjahr f\u00f6rmlich *explodierte*, w\u00e4hrend der schwedische Ableger sich etwas Zeit gelassen hat.<\/p>\t\t\t\t\t\t\t\t<\/div>\n\t\t\t\t\t<\/div>\n\t\t<\/div>\n\t\t\t\t\t<\/div>\n\t\t<\/section>\n\t\t\t\t<\/div>\n\t\t","protected":false},"excerpt":{"rendered":"<p>Hier m\u00f6chte ich Dir kurz meine Imkerei vorstellen. Mein Bienenstand 1 Sommer 2022 Aktuell imkere ich in sogenannten Frankenbeuten, das sind Magazine aus Styropor. Diese habe ich geschenkt bekommen. Der Vorbesitzer hatte darin im Zanderma\u00df geimkert, ich baue diese aber um f\u00fcr das DeutschNormalMa\u00df (DNM). Dies ist ganz einfach, denn dazu brauche ich nur die<\/p>\n","protected":false},"author":1,"featured_media":0,"parent":0,"menu_order":0,"comment_status":"closed","ping_status":"closed","template":"","meta":{"_rtcl_gb_attr":"","ocean_post_layout":"","ocean_both_sidebars_style":"","ocean_both_sidebars_content_width":0,"ocean_both_sidebars_sidebars_width":0,"ocean_sidebar":"0","ocean_second_sidebar":"0","ocean_disable_margins":"enable","ocean_add_body_class":"","ocean_shortcode_before_top_bar":"","ocean_shortcode_after_top_bar":"","ocean_shortcode_before_header":"","ocean_shortcode_after_header":"","ocean_has_shortcode":"","ocean_shortcode_after_title":"","ocean_shortcode_before_footer_widgets":"","ocean_shortcode_after_footer_widgets":"","ocean_shortcode_before_footer_bottom":"","ocean_shortcode_after_footer_bottom":"","ocean_display_top_bar":"default","ocean_display_header":"default","ocean_header_style":"","ocean_center_header_left_menu":"0","ocean_custom_header_template":"0","ocean_custom_logo":0,"ocean_custom_retina_logo":0,"ocean_custom_logo_max_width":0,"ocean_custom_logo_tablet_max_width":0,"ocean_custom_logo_mobile_max_width":0,"ocean_custom_logo_max_height":0,"ocean_custom_logo_tablet_max_height":0,"ocean_custom_logo_mobile_max_height":0,"ocean_header_custom_menu":"0","ocean_menu_typo_font_family":"0","ocean_menu_typo_font_subset":"","ocean_menu_typo_font_size":0,"ocean_menu_typo_font_size_tablet":0,"ocean_menu_typo_font_size_mobile":0,"ocean_menu_typo_font_size_unit":"px","ocean_menu_typo_font_weight":"","ocean_menu_typo_font_weight_tablet":"","ocean_menu_typo_font_weight_mobile":"","ocean_menu_typo_transform":"","ocean_menu_typo_transform_tablet":"","ocean_menu_typo_transform_mobile":"","ocean_menu_typo_line_height":0,"ocean_menu_typo_line_height_tablet":0,"ocean_menu_typo_line_height_mobile":0,"ocean_menu_typo_line_height_unit":"","ocean_menu_typo_spacing":0,"ocean_menu_typo_spacing_tablet":0,"ocean_menu_typo_spacing_mobile":0,"ocean_menu_typo_spacing_unit":"","ocean_menu_link_color":"","ocean_menu_link_color_hover":"","ocean_menu_link_color_active":"","ocean_menu_link_background":"","ocean_menu_link_hover_background":"","ocean_menu_link_active_background":"","ocean_menu_social_links_bg":"","ocean_menu_social_hover_links_bg":"","ocean_menu_social_links_color":"","ocean_menu_social_hover_links_color":"","ocean_disable_title":"default","ocean_disable_heading":"default","ocean_post_title":"","ocean_post_subheading":"","ocean_post_title_style":"","ocean_post_title_background_color":"","ocean_post_title_background":0,"ocean_post_title_bg_image_position":"","ocean_post_title_bg_image_attachment":"","ocean_post_title_bg_image_repeat":"","ocean_post_title_bg_image_size":"","ocean_post_title_height":0,"ocean_post_title_bg_overlay":0.5,"ocean_post_title_bg_overlay_color":"","ocean_disable_breadcrumbs":"default","ocean_breadcrumbs_color":"","ocean_breadcrumbs_separator_color":"","ocean_breadcrumbs_links_color":"","ocean_breadcrumbs_links_hover_color":"","ocean_display_footer_widgets":"default","ocean_display_footer_bottom":"default","ocean_custom_footer_template":"0","omw_enable_modal_window":"enable","footnotes":""},"class_list":["post-1434","page","type-page","status-publish","hentry","entry"],"_links":{"self":[{"href":"https:\/\/www.landimkerei-schulz.de\/lis_v1\/wp-json\/wp\/v2\/pages\/1434","targetHints":{"allow":["GET"]}}],"collection":[{"href":"https:\/\/www.landimkerei-schulz.de\/lis_v1\/wp-json\/wp\/v2\/pages"}],"about":[{"href":"https:\/\/www.landimkerei-schulz.de\/lis_v1\/wp-json\/wp\/v2\/types\/page"}],"author":[{"embeddable":true,"href":"https:\/\/www.landimkerei-schulz.de\/lis_v1\/wp-json\/wp\/v2\/users\/1"}],"replies":[{"embeddable":true,"href":"https:\/\/www.landimkerei-schulz.de\/lis_v1\/wp-json\/wp\/v2\/comments?post=1434"}],"version-history":[{"count":4,"href":"https:\/\/www.landimkerei-schulz.de\/lis_v1\/wp-json\/wp\/v2\/pages\/1434\/revisions"}],"predecessor-version":[{"id":1440,"href":"https:\/\/www.landimkerei-schulz.de\/lis_v1\/wp-json\/wp\/v2\/pages\/1434\/revisions\/1440"}],"wp:attachment":[{"href":"https:\/\/www.landimkerei-schulz.de\/lis_v1\/wp-json\/wp\/v2\/media?parent=1434"}],"curies":[{"name":"wp","href":"https:\/\/api.w.org\/{rel}","templated":true}]}}