{"id":1420,"date":"2025-09-29T00:43:32","date_gmt":"2025-09-28T22:43:32","guid":{"rendered":"https:\/\/www.landimkerei-schulz.de\/lis_v1\/?page_id=1420"},"modified":"2025-09-29T00:51:54","modified_gmt":"2025-09-28T22:51:54","slug":"die-dunkle-biene-und-ihre-vorteile","status":"publish","type":"page","link":"https:\/\/www.landimkerei-schulz.de\/lis_v1\/die-dunkle-biene-und-ihre-vorteile\/","title":{"rendered":"Die dunkle Biene und ihre Vorteile"},"content":{"rendered":"\t\t<div data-elementor-type=\"wp-page\" data-elementor-id=\"1420\" class=\"elementor elementor-1420\">\n\t\t\t\t\t\t<section class=\"elementor-section elementor-top-section elementor-element elementor-element-562abbf elementor-section-boxed elementor-section-height-default elementor-section-height-default e-parent\" data-id=\"562abbf\" data-element_type=\"section\" data-e-type=\"section\">\n\t\t\t\t\t\t<div class=\"elementor-container elementor-column-gap-default\">\n\t\t\t\t\t<div class=\"elementor-column elementor-col-100 elementor-top-column elementor-element elementor-element-087d853 lakit-col-width-auto-no\" data-id=\"087d853\" data-element_type=\"column\" data-e-type=\"column\">\n\t\t\t<div class=\"elementor-widget-wrap elementor-element-populated\">\n\t\t\t\t\t\t<section class=\"elementor-section elementor-inner-section elementor-element elementor-element-a666d27 elementor-section-boxed elementor-section-height-default elementor-section-height-default\" data-id=\"a666d27\" data-element_type=\"section\" data-e-type=\"section\">\n\t\t\t\t\t\t<div class=\"elementor-container elementor-column-gap-default\">\n\t\t\t\t\t<div class=\"elementor-column elementor-col-100 elementor-inner-column elementor-element elementor-element-f91abec lakit-col-width-auto-no\" data-id=\"f91abec\" data-element_type=\"column\" data-e-type=\"column\">\n\t\t\t<div class=\"elementor-widget-wrap elementor-element-populated\">\n\t\t\t\t\t\t<div class=\"elementor-element elementor-element-9c97bc7 elementor-widget elementor-widget-heading\" data-id=\"9c97bc7\" data-element_type=\"widget\" data-e-type=\"widget\" data-widget_type=\"heading.default\">\n\t\t\t\t\t<h2 class=\"elementor-heading-title elementor-size-default\">Die dunkle Biene Apis mellifera mellifera<\/h2>\t\t\t\t<\/div>\n\t\t\t\t\t<\/div>\n\t\t<\/div>\n\t\t\t\t\t<\/div>\n\t\t<\/section>\n\t\t\t\t<div class=\"elementor-element elementor-element-b50ad6e elementor-widget elementor-widget-text-editor\" data-id=\"b50ad6e\" data-element_type=\"widget\" data-e-type=\"widget\" data-widget_type=\"text-editor.default\">\n\t\t\t\t\t\t\t\t\t<p>Hier m\u00f6chte ich Euch kurz einige Vorteile der dunklen Biene aufzeigen. Vorteile, die ich in den letzten zwei Jahren pers\u00f6nlich an meinen V\u00f6lkern heraus finden konnte.<\/p>\t\t\t\t\t\t\t\t<\/div>\n\t\t\t\t\t<\/div>\n\t\t<\/div>\n\t\t\t\t\t<\/div>\n\t\t<\/section>\n\t\t\t\t<section class=\"elementor-section elementor-top-section elementor-element elementor-element-7e31da1 elementor-section-boxed elementor-section-height-default elementor-section-height-default e-parent\" data-id=\"7e31da1\" data-element_type=\"section\" data-e-type=\"section\">\n\t\t\t\t\t\t<div class=\"elementor-container elementor-column-gap-default\">\n\t\t\t\t\t<div class=\"elementor-column elementor-col-100 elementor-top-column elementor-element elementor-element-ba65e9e lakit-col-width-auto-no\" data-id=\"ba65e9e\" data-element_type=\"column\" data-e-type=\"column\">\n\t\t\t<div class=\"elementor-widget-wrap elementor-element-populated\">\n\t\t\t\t\t\t<div class=\"elementor-element elementor-element-691f7c2 elementor-widget elementor-widget-text-editor\" data-id=\"691f7c2\" data-element_type=\"widget\" data-e-type=\"widget\" data-widget_type=\"text-editor.default\">\n\t\t\t\t\t\t\t\t\t<p><strong><em>Wie kam ich eigentlich auf die dunkle Biene?<\/em><\/strong><\/p><p>Eigentlich wie die Jungfrau zum Kinde&#8230;<\/p><p>Ich hatte im Internet etwas antiquarische Imkerliteratur verkauft, welche nach Westdeutschland ging. Manchmal tausche ich mich mit den K\u00e4ufern auch etwas aus und er vermittelte mir einen Kontakt zu einer Imkerin, welche in meiner N\u00e4he wohnt. Und diese Imkerin erkl\u00e4rte sich einverstanden, mir als Patenimkerin zur Seite zu stehen und eben diese Imkerin hat dunkle Bienen. H\u00e4tte meine Patenimkerin Carnica oder Buckfast gehabt, h\u00e4tte ich wahrscheinlich mit diesen Rassen angefangen. Hier spielte also nur der Zufall eine Rolle.<\/p><p>Sie erkl\u00e4rte sich bereit, mir zwei Ableger sehr kosteng\u00fcnstig zu \u00fcberlassen. Der erste Ableger war aus einer norwegischen Linie der dunklen Biene und der zweite Ableger, der einige Tage sp\u00e4ter kam, war aus einer schwedischen Linie der dunklen Biene. Das war 2021.<\/p><p>Beide Ableger kamen gut durch den Winter.<\/p><p>W\u00e4hrend der norwegische Ableger im Fr\u00fchjahr 2022 quasi explodierte, sich also extrem schnell und gut entwickelte, lies sich der schwedische Ableger etwas Zeit, aber zog dann auch nach. So hatte ich zwei wundersch\u00f6ne Wirtschaftsv\u00f6lker.<\/p>\t\t\t\t\t\t\t\t<\/div>\n\t\t\t\t\t<\/div>\n\t\t<\/div>\n\t\t\t\t\t<\/div>\n\t\t<\/section>\n\t\t\t\t<section class=\"elementor-section elementor-top-section elementor-element elementor-element-5ee67bc elementor-section-boxed elementor-section-height-default elementor-section-height-default e-parent\" data-id=\"5ee67bc\" data-element_type=\"section\" data-e-type=\"section\">\n\t\t\t\t\t\t<div class=\"elementor-container elementor-column-gap-default\">\n\t\t\t\t\t<div class=\"elementor-column elementor-col-100 elementor-top-column elementor-element elementor-element-1f017dc lakit-col-width-auto-no\" data-id=\"1f017dc\" data-element_type=\"column\" data-e-type=\"column\">\n\t\t\t<div class=\"elementor-widget-wrap elementor-element-populated\">\n\t\t\t\t\t\t<section class=\"elementor-section elementor-inner-section elementor-element elementor-element-5622bcb elementor-section-boxed elementor-section-height-default elementor-section-height-default\" data-id=\"5622bcb\" data-element_type=\"section\" data-e-type=\"section\">\n\t\t\t\t\t\t<div class=\"elementor-container elementor-column-gap-default\">\n\t\t\t\t\t<div class=\"elementor-column elementor-col-50 elementor-inner-column elementor-element elementor-element-2b0046d lakit-col-width-auto-no\" data-id=\"2b0046d\" data-element_type=\"column\" data-e-type=\"column\">\n\t\t\t<div class=\"elementor-widget-wrap elementor-element-populated\">\n\t\t\t\t\t\t<div class=\"elementor-element elementor-element-1a742f2 elementor-widget elementor-widget-image\" data-id=\"1a742f2\" data-element_type=\"widget\" data-e-type=\"widget\" data-widget_type=\"image.default\">\n\t\t\t\t\t\t\t\t\t\t\t\t<figure class=\"wp-caption\">\n\t\t\t\t\t\t\t\t\t\t<img fetchpriority=\"high\" decoding=\"async\" width=\"600\" height=\"800\" src=\"https:\/\/www.landimkerei-schulz.de\/lis_v1\/wp-content\/uploads\/2025\/09\/IMG_20230320_161205.jpg\" class=\"attachment-large size-large wp-image-1422\" alt=\"\" srcset=\"https:\/\/www.landimkerei-schulz.de\/lis_v1\/wp-content\/uploads\/2025\/09\/IMG_20230320_161205.jpg 600w, https:\/\/www.landimkerei-schulz.de\/lis_v1\/wp-content\/uploads\/2025\/09\/IMG_20230320_161205-225x300.jpg 225w, https:\/\/www.landimkerei-schulz.de\/lis_v1\/wp-content\/uploads\/2025\/09\/IMG_20230320_161205-504x672.jpg 504w\" sizes=\"(max-width: 600px) 100vw, 600px\" title=\"\" \/>\t\t\t\t\t\t\t\t\t\t\t<figcaption class=\"widget-image-caption wp-caption-text\">Dunkle Biene, schwedische Linie im Fr\u00fchjahr 2023 mit Pollenh\u00f6schen am Bienenstand<\/figcaption>\n\t\t\t\t\t\t\t\t\t\t<\/figure>\n\t\t\t\t\t\t\t\t\t<\/div>\n\t\t\t\t\t<\/div>\n\t\t<\/div>\n\t\t\t\t<div class=\"elementor-column elementor-col-50 elementor-inner-column elementor-element elementor-element-4e19db6 lakit-col-width-auto-no\" data-id=\"4e19db6\" data-element_type=\"column\" data-e-type=\"column\">\n\t\t\t<div class=\"elementor-widget-wrap elementor-element-populated\">\n\t\t\t\t\t\t<div class=\"elementor-element elementor-element-0b96074 elementor-widget elementor-widget-text-editor\" data-id=\"0b96074\" data-element_type=\"widget\" data-e-type=\"widget\" data-widget_type=\"text-editor.default\">\n\t\t\t\t\t\t\t\t\t<p>Von der norwegischen Linie war ich am Anfang recht begeistert, da sie mir im April innerhalb von drei Tagen 4 Mittelw\u00e4nde ausbauten. Ich musste schon recht zeitig das Volk erweitern.<\/p><p>Aber bei der Vermehrung mittels Ein-Waben-Ableger nach Pia Aumeier zeigten sie sich recht zickig und es wollte einfach nicht klappen.<\/p><p>Aber auch bei meiner Patenimkerin, welche richtig z\u00fcchtet, zeigten sich die Norweger 2022 als recht schwierig.<\/p><p>Bei den Schweden hingegen funktionierte die Ablegerbildung sehr gut, so das ich den Ableger im Herbst 2022 schon auf zwei Zargen hatte und den Ableger auch so eingewintert habe. Aktuell scheint es das st\u00e4rkste Volk auf meinem kleinen Stand zu sein, was ich aber nach der ersten Durchsicht genauer wei\u00df.<\/p>\t\t\t\t\t\t\t\t<\/div>\n\t\t\t\t\t<\/div>\n\t\t<\/div>\n\t\t\t\t\t<\/div>\n\t\t<\/section>\n\t\t\t\t\t<\/div>\n\t\t<\/div>\n\t\t\t\t\t<\/div>\n\t\t<\/section>\n\t\t\t\t<section class=\"elementor-section elementor-top-section elementor-element elementor-element-82dd6ec elementor-section-boxed elementor-section-height-default elementor-section-height-default e-parent\" data-id=\"82dd6ec\" data-element_type=\"section\" data-e-type=\"section\">\n\t\t\t\t\t\t<div class=\"elementor-container elementor-column-gap-default\">\n\t\t\t\t\t<div class=\"elementor-column elementor-col-100 elementor-top-column elementor-element elementor-element-97db0df lakit-col-width-auto-no\" data-id=\"97db0df\" data-element_type=\"column\" data-e-type=\"column\">\n\t\t\t<div class=\"elementor-widget-wrap elementor-element-populated\">\n\t\t\t\t\t\t<div class=\"elementor-element elementor-element-e9fc076 elementor-widget elementor-widget-text-editor\" data-id=\"e9fc076\" data-element_type=\"widget\" data-e-type=\"widget\" data-widget_type=\"text-editor.default\">\n\t\t\t\t\t\t\t\t\t<p><strong>Nun aber zu den Vorteilen der dunklen Biene:<\/strong><\/p><ul><li>europ\u00e4ische Urbiene, also heimische Biene<\/li><li>kommt gut mit der Witterung und dem Klima klar, also klimaresistenter<\/li><li>fliegt schon bei k\u00fchleren Temperaturen<\/li><li>bessere \u00dcberwinterung<\/li><li>fliegt weiter und mehr Pflanzenarten an als Carnica und Co.<\/li><li>widerstandsf\u00e4higer gegen\u00fcber Krankheiten und Milben<\/li><li>die schwedische Linie l\u00e4sst sich sehr gut handhaben<\/li><li>einfache und unkomplizierte Ablegerbildung (schwedische Linie)<\/li><li>gute Volksentwicklung im Fr\u00fchjahr<\/li><li>sanftm\u00fctig<\/li><\/ul><p>Nat\u00fcrlich sind das meine pers\u00f6nlichen Eindr\u00fccke, welche ich sammeln durfte in den letzten zwei Jahren. Ich werde aber die dunkle Biene weiter beobachten und mich mit anderen Haltern und Z\u00fcchtern der dunklen Biene austauschen.<\/p>\t\t\t\t\t\t\t\t<\/div>\n\t\t\t\t\t<\/div>\n\t\t<\/div>\n\t\t\t\t\t<\/div>\n\t\t<\/section>\n\t\t\t\t<section class=\"elementor-section elementor-top-section elementor-element elementor-element-999be5e elementor-section-boxed elementor-section-height-default elementor-section-height-default e-parent\" data-id=\"999be5e\" data-element_type=\"section\" data-e-type=\"section\">\n\t\t\t\t\t\t<div class=\"elementor-container elementor-column-gap-default\">\n\t\t\t\t\t<div class=\"elementor-column elementor-col-100 elementor-top-column elementor-element elementor-element-ec432d6 lakit-col-width-auto-no\" data-id=\"ec432d6\" data-element_type=\"column\" data-e-type=\"column\">\n\t\t\t<div class=\"elementor-widget-wrap elementor-element-populated\">\n\t\t\t\t\t\t<div class=\"elementor-element elementor-element-c7f6941 elementor-widget elementor-widget-text-editor\" data-id=\"c7f6941\" data-element_type=\"widget\" data-e-type=\"widget\" data-widget_type=\"text-editor.default\">\n\t\t\t\t\t\t\t\t\t<p><em><strong>Ist die dunkle Biene auch f\u00fcr Imkeranf\u00e4nger geeignet?<\/strong><\/em><\/p><p>Hier muss sich jeder Jungimker zuerst selber fragen, mit welcher Bienenrasse er imkern m\u00f6chte.<\/p><p>Ich pers\u00f6nlich bin der Meinung, das man mit der schwedischen Linie der dunklen Biene als Jungimker imkern kann. Diese Linie verzeiht noch den einen oder anderen Fehler. Auch hatte ich noch keine Verluste bei der \u00dcberwinterung die letzten zwei Jahre, w\u00e4hrend erfahrene Imker aus der Umgebung, welche mit der Carnica oder Buckfast Biene imkern, teilweise recht hohe Verluste hatten. Ich finde das auch wichtig, denn wie entt\u00e4uscht muss ein Jungimker sein, wenn er mit wenigen V\u00f6lkern oder Ablegern anf\u00e4ngt und er diese nicht durch den Winter bekommt. Viele haben nach solchen Erfahrungen schnell wieder aufgeh\u00f6rt mit der Imkerei&#8230;<\/p><p>Man sollte aber generell als Jungimker immer einen Patenimker, also einen erfahrenen Imker zur Seite stehen haben, falls Fragen sind oder so. Ich selbst bin froh, das ich meine Patenimkerin habe, von welcher ich auch schon viel lernen konnte und die auch immer da ist, wenn mal etwas ist. Sie besucht mich auch regelm\u00e4\u00dfig an meinem Bienenstand, was ich auch als wichtig finde.<\/p><p>Ich wei\u00df von der Patenimkerin zum Beispiel auch, das sie viel Gegenwind von anderen Imkern und Z\u00fcchtern der dunklen Biene bekommen hatte, als es bekannt wurde, das sie mir als Anf\u00e4nger zwei Ableger der dunklen Biene zur Verf\u00fcgung stellte.<\/p><p>Aber ich konnte und kann beweisen, das man auch mit der dunklen Biene als Anf\u00e4nger imkern kann.<\/p>\t\t\t\t\t\t\t\t<\/div>\n\t\t\t\t\t<\/div>\n\t\t<\/div>\n\t\t\t\t\t<\/div>\n\t\t<\/section>\n\t\t\t\t<section class=\"elementor-section elementor-top-section elementor-element elementor-element-6f75733 elementor-section-boxed elementor-section-height-default elementor-section-height-default e-parent\" data-id=\"6f75733\" data-element_type=\"section\" data-e-type=\"section\">\n\t\t\t\t\t\t<div class=\"elementor-container elementor-column-gap-default\">\n\t\t\t\t\t<div class=\"elementor-column elementor-col-100 elementor-top-column elementor-element elementor-element-79f3ca0 lakit-col-width-auto-no\" data-id=\"79f3ca0\" data-element_type=\"column\" data-e-type=\"column\">\n\t\t\t<div class=\"elementor-widget-wrap elementor-element-populated\">\n\t\t\t\t\t\t<div class=\"elementor-element elementor-element-8f873cf elementor-widget elementor-widget-text-editor\" data-id=\"8f873cf\" data-element_type=\"widget\" data-e-type=\"widget\" data-widget_type=\"text-editor.default\">\n\t\t\t\t\t\t\t\t\t<p><strong>Wo kann man weitere Informationen \u00fcber die dunkle Biene erhalten?<\/strong><\/p><p>Zum einen findet man sehr viel \u00fcber die dunkle Biene im Internet. Die Suchmaschinen spucken da sehr viele interessante Links aus. Aber auch bei YouTube und Co . kann man sehr sch\u00f6ne Videos \u00fcber die dunkle Biene finden.<\/p><p>Ich werde aber auch auf meiner Webseite hier demn\u00e4chst etwas mehr \u00fcber die dunkle Biene schreiben und mal ein Linkverzeichnis erstellen, wo man Informationen, aber auch Ableger, K\u00f6niginnen oder ganze V\u00f6lker bekommen kann.<\/p>\t\t\t\t\t\t\t\t<\/div>\n\t\t\t\t\t<\/div>\n\t\t<\/div>\n\t\t\t\t\t<\/div>\n\t\t<\/section>\n\t\t\t\t<\/div>\n\t\t","protected":false},"excerpt":{"rendered":"<p>Die dunkle Biene Apis mellifera mellifera Hier m\u00f6chte ich Euch kurz einige Vorteile der dunklen Biene aufzeigen. Vorteile, die ich in den letzten zwei Jahren pers\u00f6nlich an meinen V\u00f6lkern heraus finden konnte. Wie kam ich eigentlich auf die dunkle Biene? Eigentlich wie die Jungfrau zum Kinde&#8230; Ich hatte im Internet etwas antiquarische Imkerliteratur verkauft, welche<\/p>\n","protected":false},"author":1,"featured_media":0,"parent":0,"menu_order":0,"comment_status":"closed","ping_status":"closed","template":"","meta":{"_rtcl_gb_attr":"","ocean_post_layout":"","ocean_both_sidebars_style":"","ocean_both_sidebars_content_width":0,"ocean_both_sidebars_sidebars_width":0,"ocean_sidebar":"0","ocean_second_sidebar":"0","ocean_disable_margins":"enable","ocean_add_body_class":"","ocean_shortcode_before_top_bar":"","ocean_shortcode_after_top_bar":"","ocean_shortcode_before_header":"","ocean_shortcode_after_header":"","ocean_has_shortcode":"","ocean_shortcode_after_title":"","ocean_shortcode_before_footer_widgets":"","ocean_shortcode_after_footer_widgets":"","ocean_shortcode_before_footer_bottom":"","ocean_shortcode_after_footer_bottom":"","ocean_display_top_bar":"default","ocean_display_header":"default","ocean_header_style":"","ocean_center_header_left_menu":"0","ocean_custom_header_template":"0","ocean_custom_logo":0,"ocean_custom_retina_logo":0,"ocean_custom_logo_max_width":0,"ocean_custom_logo_tablet_max_width":0,"ocean_custom_logo_mobile_max_width":0,"ocean_custom_logo_max_height":0,"ocean_custom_logo_tablet_max_height":0,"ocean_custom_logo_mobile_max_height":0,"ocean_header_custom_menu":"0","ocean_menu_typo_font_family":"0","ocean_menu_typo_font_subset":"","ocean_menu_typo_font_size":0,"ocean_menu_typo_font_size_tablet":0,"ocean_menu_typo_font_size_mobile":0,"ocean_menu_typo_font_size_unit":"px","ocean_menu_typo_font_weight":"","ocean_menu_typo_font_weight_tablet":"","ocean_menu_typo_font_weight_mobile":"","ocean_menu_typo_transform":"","ocean_menu_typo_transform_tablet":"","ocean_menu_typo_transform_mobile":"","ocean_menu_typo_line_height":0,"ocean_menu_typo_line_height_tablet":0,"ocean_menu_typo_line_height_mobile":0,"ocean_menu_typo_line_height_unit":"","ocean_menu_typo_spacing":0,"ocean_menu_typo_spacing_tablet":0,"ocean_menu_typo_spacing_mobile":0,"ocean_menu_typo_spacing_unit":"","ocean_menu_link_color":"","ocean_menu_link_color_hover":"","ocean_menu_link_color_active":"","ocean_menu_link_background":"","ocean_menu_link_hover_background":"","ocean_menu_link_active_background":"","ocean_menu_social_links_bg":"","ocean_menu_social_hover_links_bg":"","ocean_menu_social_links_color":"","ocean_menu_social_hover_links_color":"","ocean_disable_title":"default","ocean_disable_heading":"default","ocean_post_title":"","ocean_post_subheading":"","ocean_post_title_style":"","ocean_post_title_background_color":"","ocean_post_title_background":0,"ocean_post_title_bg_image_position":"","ocean_post_title_bg_image_attachment":"","ocean_post_title_bg_image_repeat":"","ocean_post_title_bg_image_size":"","ocean_post_title_height":0,"ocean_post_title_bg_overlay":0.5,"ocean_post_title_bg_overlay_color":"","ocean_disable_breadcrumbs":"default","ocean_breadcrumbs_color":"","ocean_breadcrumbs_separator_color":"","ocean_breadcrumbs_links_color":"","ocean_breadcrumbs_links_hover_color":"","ocean_display_footer_widgets":"default","ocean_display_footer_bottom":"default","ocean_custom_footer_template":"0","omw_enable_modal_window":"enable","footnotes":""},"class_list":["post-1420","page","type-page","status-publish","hentry","entry"],"_links":{"self":[{"href":"https:\/\/www.landimkerei-schulz.de\/lis_v1\/wp-json\/wp\/v2\/pages\/1420","targetHints":{"allow":["GET"]}}],"collection":[{"href":"https:\/\/www.landimkerei-schulz.de\/lis_v1\/wp-json\/wp\/v2\/pages"}],"about":[{"href":"https:\/\/www.landimkerei-schulz.de\/lis_v1\/wp-json\/wp\/v2\/types\/page"}],"author":[{"embeddable":true,"href":"https:\/\/www.landimkerei-schulz.de\/lis_v1\/wp-json\/wp\/v2\/users\/1"}],"replies":[{"embeddable":true,"href":"https:\/\/www.landimkerei-schulz.de\/lis_v1\/wp-json\/wp\/v2\/comments?post=1420"}],"version-history":[{"count":4,"href":"https:\/\/www.landimkerei-schulz.de\/lis_v1\/wp-json\/wp\/v2\/pages\/1420\/revisions"}],"predecessor-version":[{"id":1425,"href":"https:\/\/www.landimkerei-schulz.de\/lis_v1\/wp-json\/wp\/v2\/pages\/1420\/revisions\/1425"}],"wp:attachment":[{"href":"https:\/\/www.landimkerei-schulz.de\/lis_v1\/wp-json\/wp\/v2\/media?parent=1420"}],"curies":[{"name":"wp","href":"https:\/\/api.w.org\/{rel}","templated":true}]}}