{"id":1413,"date":"2025-09-29T00:41:20","date_gmt":"2025-09-28T22:41:20","guid":{"rendered":"https:\/\/www.landimkerei-schulz.de\/lis_v1\/?page_id=1413"},"modified":"2025-09-29T00:41:20","modified_gmt":"2025-09-28T22:41:20","slug":"bienenschwarm-entdeckt-was-nun","status":"publish","type":"page","link":"https:\/\/www.landimkerei-schulz.de\/lis_v1\/bienenschwarm-entdeckt-was-nun\/","title":{"rendered":"Bienenschwarm entdeckt? Was nun?"},"content":{"rendered":"<p style=\"text-align: center;\"><strong>Du hast einen Bienenschwarm entdeckt und wei\u00dft nicht, was zu tun ist?<\/strong><\/p>\n<p><em><strong>Hier ein paar Tipps:<\/strong><\/em><\/p>\n<p>Wenn Du kein Imker bist und Dich damit nicht auskennst, dann fange bitte nicht selber Bienenschw\u00e4rme ein. \u00dcberlasse das einem erfahrenen Imker oder der Feuerwehr.<\/p>\n<p><strong>in 02999 Lohsa (Hauptort) + ca. 5 km:<\/strong><\/p>\n<p>Wenn der Bienenschwarm sich in 02999 Lohsa (Hauptort) befindet oder im Umkreis von ca. 5 Kilometern davon, dann kannst Du mich anrufen. Ich komme vorbei und wir schauen dann, wie es weiter geht. Meine Rufnummer ist die 0173-8072833.<\/p>\n<p><strong>weiter weg von 02999 Lohsa:<\/strong><\/p>\n<p>Bitte informiere einen Imker, wenn Dir einer bekannt ist, ansonsten rufe die Feuerwehr unter 112. Diese kann Dir dann weiter helfen. Oder recherchiere im Internet, ob es einen Imker in Deiner N\u00e4he gibt und informiere ihn.<\/p>\n<p><em>weitere Tipps:<\/em><\/p>\n<ul>\n<li>rein rechtlich gesehen hat der Eigent\u00fcmer des Bienenschwarms das Recht, Dein Grundst\u00fcck jederzeit zu betreten, um den Bienenschwarm einzufangen. Im Regelfall wird der Imker aber bei Dir klingeln und alles Weitere mit Dir absprechen.<\/li>\n<li>Um einen Bienenschwarm etwas zu beruhigen, kann man ihn vorsichtig mit einem Gartenschlauch nass spritzen, ABER halte nie den Wasserstrahl direkt in den Schwarm, sondern lasse es *regnen*. Der Schwarm zieht sich dann zu einer Traube zusammen. Ohne ausreichende Schutzkleidung gen\u00fcgend Abstand halten.<\/li>\n<li>Bei einer Allergie gegen Bienenstiche halte Dich so weit wie m\u00f6glich vom Schwarm fern, schlie\u00dfe alle Fenster und T\u00fcren und warte, bis der Schwarm weitergezogen ist oder ein Imker bzw. die Feuerwehr diesen eingefangen hat und keine Bienen mehr an der Stelle fliegen.<\/li>\n<li>Bitte halte eine Leiter bereit, sollte der Bienenschwarm etwas h\u00f6her im Baum sitzen. So kann der Imker ihn schnell und einfacher einfangen.<\/li>\n<li>Manchmal nisten sich Bienenschw\u00e4rme in Hohlr\u00e4umen am Haus, Dachstuhl oder anderen Geb\u00e4uden ein. Hier wird das Einfangen und Umsiedeln etwas komplizierter. Aber auch hier wird der entsprechende Imker alles mit Dir im Vorfeld besprechen.<\/li>\n<\/ul>\n<p style=\"text-align: center;\"><span style=\"color: #ff0000;\"><strong>Bienen sind wertvoll f\u00fcr die Natur und den Menschen.<\/strong><\/span><\/p>\n<p style=\"text-align: center;\">Von daher bitte ich Euch, immer Schw\u00e4rme zu melden und nicht zu vernichten. Die Natur und die Imker danken es Dir.<\/p>\n<p>&nbsp;<\/p>\n<p><em>(Diese Seite wird nach und nach weiter aktualisiert)<\/em><\/p>\n<p>&nbsp;<\/p>\n","protected":false},"excerpt":{"rendered":"<p>Du hast einen Bienenschwarm entdeckt und wei\u00dft nicht, was zu tun ist? Hier ein paar Tipps: Wenn Du kein Imker bist und Dich damit nicht auskennst, dann fange bitte nicht selber Bienenschw\u00e4rme ein. \u00dcberlasse das einem erfahrenen Imker oder der Feuerwehr. in 02999 Lohsa (Hauptort) + ca. 5 km: Wenn der Bienenschwarm sich in 02999<\/p>\n","protected":false},"author":1,"featured_media":1414,"parent":0,"menu_order":0,"comment_status":"closed","ping_status":"closed","template":"","meta":{"_rtcl_gb_attr":"","ocean_post_layout":"","ocean_both_sidebars_style":"","ocean_both_sidebars_content_width":0,"ocean_both_sidebars_sidebars_width":0,"ocean_sidebar":"0","ocean_second_sidebar":"0","ocean_disable_margins":"enable","ocean_add_body_class":"","ocean_shortcode_before_top_bar":"","ocean_shortcode_after_top_bar":"","ocean_shortcode_before_header":"","ocean_shortcode_after_header":"","ocean_has_shortcode":"","ocean_shortcode_after_title":"","ocean_shortcode_before_footer_widgets":"","ocean_shortcode_after_footer_widgets":"","ocean_shortcode_before_footer_bottom":"","ocean_shortcode_after_footer_bottom":"","ocean_display_top_bar":"default","ocean_display_header":"default","ocean_header_style":"","ocean_center_header_left_menu":"0","ocean_custom_header_template":"0","ocean_custom_logo":0,"ocean_custom_retina_logo":0,"ocean_custom_logo_max_width":0,"ocean_custom_logo_tablet_max_width":0,"ocean_custom_logo_mobile_max_width":0,"ocean_custom_logo_max_height":0,"ocean_custom_logo_tablet_max_height":0,"ocean_custom_logo_mobile_max_height":0,"ocean_header_custom_menu":"0","ocean_menu_typo_font_family":"0","ocean_menu_typo_font_subset":"","ocean_menu_typo_font_size":0,"ocean_menu_typo_font_size_tablet":0,"ocean_menu_typo_font_size_mobile":0,"ocean_menu_typo_font_size_unit":"px","ocean_menu_typo_font_weight":"","ocean_menu_typo_font_weight_tablet":"","ocean_menu_typo_font_weight_mobile":"","ocean_menu_typo_transform":"","ocean_menu_typo_transform_tablet":"","ocean_menu_typo_transform_mobile":"","ocean_menu_typo_line_height":0,"ocean_menu_typo_line_height_tablet":0,"ocean_menu_typo_line_height_mobile":0,"ocean_menu_typo_line_height_unit":"","ocean_menu_typo_spacing":0,"ocean_menu_typo_spacing_tablet":0,"ocean_menu_typo_spacing_mobile":0,"ocean_menu_typo_spacing_unit":"","ocean_menu_link_color":"","ocean_menu_link_color_hover":"","ocean_menu_link_color_active":"","ocean_menu_link_background":"","ocean_menu_link_hover_background":"","ocean_menu_link_active_background":"","ocean_menu_social_links_bg":"","ocean_menu_social_hover_links_bg":"","ocean_menu_social_links_color":"","ocean_menu_social_hover_links_color":"","ocean_disable_title":"default","ocean_disable_heading":"default","ocean_post_title":"","ocean_post_subheading":"","ocean_post_title_style":"","ocean_post_title_background_color":"","ocean_post_title_background":0,"ocean_post_title_bg_image_position":"","ocean_post_title_bg_image_attachment":"","ocean_post_title_bg_image_repeat":"","ocean_post_title_bg_image_size":"","ocean_post_title_height":0,"ocean_post_title_bg_overlay":0.5,"ocean_post_title_bg_overlay_color":"","ocean_disable_breadcrumbs":"default","ocean_breadcrumbs_color":"","ocean_breadcrumbs_separator_color":"","ocean_breadcrumbs_links_color":"","ocean_breadcrumbs_links_hover_color":"","ocean_display_footer_widgets":"default","ocean_display_footer_bottom":"default","ocean_custom_footer_template":"0","omw_enable_modal_window":"enable","footnotes":""},"class_list":["post-1413","page","type-page","status-publish","has-post-thumbnail","hentry","entry","has-media"],"_links":{"self":[{"href":"https:\/\/www.landimkerei-schulz.de\/lis_v1\/wp-json\/wp\/v2\/pages\/1413","targetHints":{"allow":["GET"]}}],"collection":[{"href":"https:\/\/www.landimkerei-schulz.de\/lis_v1\/wp-json\/wp\/v2\/pages"}],"about":[{"href":"https:\/\/www.landimkerei-schulz.de\/lis_v1\/wp-json\/wp\/v2\/types\/page"}],"author":[{"embeddable":true,"href":"https:\/\/www.landimkerei-schulz.de\/lis_v1\/wp-json\/wp\/v2\/users\/1"}],"replies":[{"embeddable":true,"href":"https:\/\/www.landimkerei-schulz.de\/lis_v1\/wp-json\/wp\/v2\/comments?post=1413"}],"version-history":[{"count":1,"href":"https:\/\/www.landimkerei-schulz.de\/lis_v1\/wp-json\/wp\/v2\/pages\/1413\/revisions"}],"predecessor-version":[{"id":1415,"href":"https:\/\/www.landimkerei-schulz.de\/lis_v1\/wp-json\/wp\/v2\/pages\/1413\/revisions\/1415"}],"wp:featuredmedia":[{"embeddable":true,"href":"https:\/\/www.landimkerei-schulz.de\/lis_v1\/wp-json\/wp\/v2\/media\/1414"}],"wp:attachment":[{"href":"https:\/\/www.landimkerei-schulz.de\/lis_v1\/wp-json\/wp\/v2\/media?parent=1413"}],"curies":[{"name":"wp","href":"https:\/\/api.w.org\/{rel}","templated":true}]}}