{"id":1411,"date":"2025-09-29T00:40:06","date_gmt":"2025-09-28T22:40:06","guid":{"rendered":"https:\/\/www.landimkerei-schulz.de\/lis_v1\/?page_id=1411"},"modified":"2026-03-15T02:29:55","modified_gmt":"2026-03-15T01:29:55","slug":"bienenmuseum","status":"publish","type":"page","link":"https:\/\/www.landimkerei-schulz.de\/lis_v1\/bienenmuseum\/","title":{"rendered":"Bienenmuseum"},"content":{"rendered":"<p>Hier erfahrt Ihr in K\u00fcrze mehr \u00fcber meine Idee, ein kleines aktives Bienenmuseum zu gestalten &#8230;<\/p>\n<p>So liebe Freunde der gepflegten und\/oder der historischen Imkerei.<\/p>\n<p>Nun habe ich am Wochenende die ersten richtig historischen Imkersachen bekommen als Start f\u00fcr mein kleines Bienenmuseum.<\/p>\n<p>Aktuell recherchiere ich \u00fcber das eine oder andere St\u00fcck, da einiges noch Fragen aufwirft.<\/p>\n<p>Nat\u00fcrlich werde ich f\u00fcr jedes St\u00fcck einen Video- und Fotobeitrag machen und dies hier ver\u00f6ffentlichen.<\/p>\n<p>Geplant ist, nach der Aufarbeitung und Restauration der St\u00fccke diese auch der \u00d6ffentlichkeit zu zeigen. Vielleicht wird auch die eine oder andere Behausung auch besetzt mit Bienen, um hier die historische Imkerei live zu zeigen.<\/p>\n<p>Aktuell mache ich mir aber erst einmal Gedanken, wie ich die St\u00fccke ansprechend pr\u00e4sentiere, ohne das diese Schaden nehmen im Freien. Aber auch hier habe ich schon Ideen.<\/p>\n<p>Mehr dazu in K\u00fcrze.<\/p>\n","protected":false},"excerpt":{"rendered":"<p>Hier erfahrt Ihr in K\u00fcrze mehr \u00fcber meine Idee, ein kleines aktives Bienenmuseum zu gestalten &#8230; So liebe Freunde der gepflegten und\/oder der historischen Imkerei. Nun habe ich am Wochenende die ersten richtig historischen Imkersachen bekommen als Start f\u00fcr mein kleines Bienenmuseum. Aktuell recherchiere ich \u00fcber das eine oder andere St\u00fcck, da einiges noch Fragen<\/p>\n","protected":false},"author":1,"featured_media":0,"parent":0,"menu_order":0,"comment_status":"closed","ping_status":"closed","template":"","meta":{"_rtcl_gb_attr":"","ocean_post_layout":"","ocean_both_sidebars_style":"","ocean_both_sidebars_content_width":0,"ocean_both_sidebars_sidebars_width":0,"ocean_sidebar":"0","ocean_second_sidebar":"0","ocean_disable_margins":"enable","ocean_add_body_class":"","ocean_shortcode_before_top_bar":"","ocean_shortcode_after_top_bar":"","ocean_shortcode_before_header":"","ocean_shortcode_after_header":"","ocean_has_shortcode":"","ocean_shortcode_after_title":"","ocean_shortcode_before_footer_widgets":"","ocean_shortcode_after_footer_widgets":"","ocean_shortcode_before_footer_bottom":"","ocean_shortcode_after_footer_bottom":"","ocean_display_top_bar":"default","ocean_display_header":"default","ocean_header_style":"","ocean_center_header_left_menu":"0","ocean_custom_header_template":"0","ocean_custom_logo":0,"ocean_custom_retina_logo":0,"ocean_custom_logo_max_width":0,"ocean_custom_logo_tablet_max_width":0,"ocean_custom_logo_mobile_max_width":0,"ocean_custom_logo_max_height":0,"ocean_custom_logo_tablet_max_height":0,"ocean_custom_logo_mobile_max_height":0,"ocean_header_custom_menu":"0","ocean_menu_typo_font_family":"0","ocean_menu_typo_font_subset":"","ocean_menu_typo_font_size":0,"ocean_menu_typo_font_size_tablet":0,"ocean_menu_typo_font_size_mobile":0,"ocean_menu_typo_font_size_unit":"px","ocean_menu_typo_font_weight":"","ocean_menu_typo_font_weight_tablet":"","ocean_menu_typo_font_weight_mobile":"","ocean_menu_typo_transform":"","ocean_menu_typo_transform_tablet":"","ocean_menu_typo_transform_mobile":"","ocean_menu_typo_line_height":0,"ocean_menu_typo_line_height_tablet":0,"ocean_menu_typo_line_height_mobile":0,"ocean_menu_typo_line_height_unit":"","ocean_menu_typo_spacing":0,"ocean_menu_typo_spacing_tablet":0,"ocean_menu_typo_spacing_mobile":0,"ocean_menu_typo_spacing_unit":"","ocean_menu_link_color":"","ocean_menu_link_color_hover":"","ocean_menu_link_color_active":"","ocean_menu_link_background":"","ocean_menu_link_hover_background":"","ocean_menu_link_active_background":"","ocean_menu_social_links_bg":"","ocean_menu_social_hover_links_bg":"","ocean_menu_social_links_color":"","ocean_menu_social_hover_links_color":"","ocean_disable_title":"default","ocean_disable_heading":"default","ocean_post_title":"","ocean_post_subheading":"","ocean_post_title_style":"","ocean_post_title_background_color":"","ocean_post_title_background":0,"ocean_post_title_bg_image_position":"","ocean_post_title_bg_image_attachment":"","ocean_post_title_bg_image_repeat":"","ocean_post_title_bg_image_size":"","ocean_post_title_height":0,"ocean_post_title_bg_overlay":0.5,"ocean_post_title_bg_overlay_color":"","ocean_disable_breadcrumbs":"default","ocean_breadcrumbs_color":"","ocean_breadcrumbs_separator_color":"","ocean_breadcrumbs_links_color":"","ocean_breadcrumbs_links_hover_color":"","ocean_display_footer_widgets":"default","ocean_display_footer_bottom":"default","ocean_custom_footer_template":"0","omw_enable_modal_window":"enable","footnotes":""},"class_list":["post-1411","page","type-page","status-publish","hentry","entry"],"_links":{"self":[{"href":"https:\/\/www.landimkerei-schulz.de\/lis_v1\/wp-json\/wp\/v2\/pages\/1411","targetHints":{"allow":["GET"]}}],"collection":[{"href":"https:\/\/www.landimkerei-schulz.de\/lis_v1\/wp-json\/wp\/v2\/pages"}],"about":[{"href":"https:\/\/www.landimkerei-schulz.de\/lis_v1\/wp-json\/wp\/v2\/types\/page"}],"author":[{"embeddable":true,"href":"https:\/\/www.landimkerei-schulz.de\/lis_v1\/wp-json\/wp\/v2\/users\/1"}],"replies":[{"embeddable":true,"href":"https:\/\/www.landimkerei-schulz.de\/lis_v1\/wp-json\/wp\/v2\/comments?post=1411"}],"version-history":[{"count":3,"href":"https:\/\/www.landimkerei-schulz.de\/lis_v1\/wp-json\/wp\/v2\/pages\/1411\/revisions"}],"predecessor-version":[{"id":2185,"href":"https:\/\/www.landimkerei-schulz.de\/lis_v1\/wp-json\/wp\/v2\/pages\/1411\/revisions\/2185"}],"wp:attachment":[{"href":"https:\/\/www.landimkerei-schulz.de\/lis_v1\/wp-json\/wp\/v2\/media?parent=1411"}],"curies":[{"name":"wp","href":"https:\/\/api.w.org\/{rel}","templated":true}]}}