{"id":1405,"date":"2025-09-29T00:38:21","date_gmt":"2025-09-28T22:38:21","guid":{"rendered":"https:\/\/www.landimkerei-schulz.de\/lis_v1\/?page_id=1405"},"modified":"2025-11-02T01:47:00","modified_gmt":"2025-11-02T00:47:00","slug":"allgemeine-nutzungsbedingungen","status":"publish","type":"page","link":"https:\/\/www.landimkerei-schulz.de\/lis_v1\/allgemeine-nutzungsbedingungen\/","title":{"rendered":"Allgemeine Nutzungsbedingungen"},"content":{"rendered":"<p style=\"text-align: center;\"><strong>Allgemeine Nutzungsbedingungen f\u00fcr landimkerei-schulz.de<\/strong><\/p>\n<h4><b>1. Informationen zum Urheberrecht<\/b><\/h4>\n<p>Alle Informationen dieser Webseite werden wie angegeben ohne Anspruch auf Richtigkeit, Vollst\u00e4ndigkeit oder Aktualit\u00e4t zur Verf\u00fcgung gestellt.<br \/>\nWenn nicht ausdr\u00fccklich anderweitig in dieser Publikation zu verstehen gegeben, und zwar in Zusammenhang mit einem bestimmten Ausschnitt, einer Datei, oder einem Dokument, ist jedermann dazu berechtigt, dieses Dokument anzusehen, zu kopieren, zu drucken und zu verteilen, unter den folgenden Bedingungen:<br \/>\nDas Dokument darf nur f\u00fcr nicht kommerzielle Informationszwecke genutzt werden. Jede Kopie dieses Dokuments oder eines Teils davon muss diese urheberrechtliche Erkl\u00e4rung und das urheberrechtliche Schutzzeichen des Betreibers enthalten. Das Dokument, jede Kopie des Dokuments oder eines Teils davon d\u00fcrfen nicht ohne schriftliche Zustimmung des Betreibers ver\u00e4ndert werden. Der Betreiber beh\u00e4lt sich das Recht vor, diese Genehmigung jederzeit zu widerrufen, und jede Nutzung muss sofort eingestellt werden, sobald eine schriftliche Bekanntmachung seitens des Betreibers ver\u00f6ffentlicht wird.<\/p>\n<h4>2. Berechtigte Nutzer\/ Zielgruppe<\/h4>\n<p>Die Webseite Landimkerei-Schulz.de steht vorwiegend folgenden Personen und Unternehmen zur Verf\u00fcgung:<\/p>\n<ul>\n<li>private Imker<\/li>\n<li>Berufsimker<\/li>\n<li>Interessierte Privatpersonen f\u00fcr die Imkerei<\/li>\n<li>Interessierte Unternehmen f\u00fcr die Imkerei<\/li>\n<li>Unternehmen, welche mit Bienen, Imkerzubeh\u00f6r und -bedarf handeln<\/li>\n<\/ul>\n<h4>2. Leistungsgegenstand<\/h4>\n<p>landimkerei-schulz.de. stellt in K\u00fcrze Interessierten und Mitgliedern eine Onlineplattform zur Verf\u00fcgung, wo diese sich mit anderen Personen \u00fcber das Thema Bienen und Imkerei austauschen k\u00f6nnen. Dies beinhaltet folgende Bereiche:<\/p>\n<ul>\n<li>Mitgliederbereich (Profil und weitere Informationen)<\/li>\n<li>Bereich zur Erstellung von Gruppen<\/li>\n<li>Forenbereich<\/li>\n<li>Chatbereich<\/li>\n<li>Terminkalender<\/li>\n<li>Kleinanzeigenmarkt<\/li>\n<li>H\u00e4ndlerverzeichnis<\/li>\n<\/ul>\n<p>Die Nutzung der Webseite landimkerei-schulz.de. ist kostenlos. Es k\u00f6nnen aber Nutzungsgeb\u00fchren f\u00fcr die Nutzung des Kleinanzeigenmarktes anfallen.<\/p>\n<h4>3. Anmeldeprozess\/Registrierung<\/h4>\n<p>Die <em><strong>Registrierung<\/strong><\/em> erfolgt \u00fcber die Startseite der Webseite oben rechts unter dem Men\u00fcpunkt Registrieren. Es \u00f6ffnet sich eine Seite, wo Sie Ihre f\u00fcr Sie geeignete Mitgliedschaft ausw\u00e4hlen. Nach der Auswahl der Mitgliedschaft werden Sie auf das eigentliche Registrierungsformular weitergeleitet. Nach dem Sie das Formular ausgef\u00fcllt und abgesendet haben, bekommen Sie noch eine E-Mail, wo Sie Ihre E-Mailadresse best\u00e4tigen m\u00fcssen. Danach bekommt landimkerei-schulz.de eine Information und schaltet Sie recht zeitnah, aber sp\u00e4testens innerhalb 24 Stunden frei.<\/p>\n<p>Die <em><strong>Anmeldung<\/strong><\/em> erfolgt auch von der Startseite der Webseite oben rechts mit einem Klick auf ANMELDEN. Es \u00f6ffnet sich ein kleines Fenster, wo Sie Ihre Zugangsdaten eingeben und dann auf den Button Anmelden klicken.<\/p>\n<h4>4. Entgeltlichkeit<\/h4>\n<p>Die Nutzung der Webseite landimkerei-schulz.de ist kostenlos.<\/p>\n<p>Des weiteren k\u00f6nnen Teile des Kleinanzeigenmarktes (Premiumkleinanzeigen) und des H\u00e4ndlerverzeichnisses (H\u00e4ndlereintrag als Premiumeintrag ver\u00f6ffentlichen) kostenpflichtig sein.<\/p>\n<p>Eine Gesamt\u00fcbersicht aller m\u00f6glichen anfallenden Kosten finden Sie in unserer <span style=\"color: #0000ff;\"><strong>Kosten\u00fcbersicht<\/strong><\/span>.<\/p>\n<h4><b>5. Vertragliche Zusicherungen und Verzichterkl\u00e4rungen<\/b><\/h4>\n<p>Die Webseite landimkerei-schulz.de. steht Ihnen &#8211; soweit nicht anders vereinbart &#8211; kostenfrei zur Verf\u00fcgung. Teilbereiche von landimkerei-schulz.de k\u00f6nnen kostenpflichtig sein. Hierf\u00fcr gelten gesonderte AGB, welche in den Teilbereichen zu finden sind. Die Betreiber \u00fcbernehmen keinerlei Gew\u00e4hr f\u00fcr Richtigkeit der enthaltenen Informationen, Verf\u00fcgbarkeit der Dienste, Verlust von auf landimkerei-schulz.de. abgespeicherten Daten oder Nutzbarkeit f\u00fcr irgendeinen bestimmten Zweck.<br \/>\nDie Betreiber haften auch nicht f\u00fcr Folgesch\u00e4den, die auf einer Nutzung des Angebotes beruhen.<br \/>\nSoweit ein Haftungsausschluss nicht in Betracht kommt, haften die Betreiber lediglich f\u00fcr grobe Fahrl\u00e4ssigkeit und Vorsatz. Produkt- und Firmennamen sind Marken der jeweiligen Eigent\u00fcmer und werden auf diesen Seiten ausschlie\u00dflich zu Informationszwecken eingesetzt.<br \/>\nDiese Publikation k\u00f6nnte technische oder andere Ungenauigkeiten enthalten oder Schreib-\/Tippfehler. Von Zeit zu Zeit werden der vorliegenden Information \u00c4nderungen hinzugef\u00fcgt; diese \u00c4nderungen werden in neuen Ausgaben der Publikation eingef\u00fcgt. Der Betreiber kann jederzeit Verbesserungen und\/oder Ver\u00e4nderungen an den Angeboten vornehmen, die in dieser Publikation beschrieben werden.<\/p>\n<h4><b>6. Meinungs\u00e4u\u00dferungen bei Kommentaren und im Forum (in Planung)<\/b><\/h4>\n<p>Aufgrund der sich st\u00e4ndig ver\u00e4ndernden Inhalte bei Kommentaren und im Forum ist es dem Betreiber nicht m\u00f6glich, alle Beitr\u00e4ge l\u00fcckenlos zu sichten, inhaltlich zu pr\u00fcfen und die unmittelbare aktive Kontrolle dar\u00fcber auszu\u00fcben. Es wird keine Verantwortung f\u00fcr den Inhalt, die Korrektheit und die Form der eingestellten Beitr\u00e4ge \u00fcbernommen.<\/p>\n<h4><b>6a. Spezielle Bestimmungen f\u00fcr angemeldete Nutzer<\/b><\/h4>\n<p>Mit der Anmeldung bei landimkerei-schulz.de. erkl\u00e4rt sich der Nutzer &#8211; nachfolgend \u00bbMitglied\u00ab gegen\u00fcber dem Betreiber mit folgenden Nutzungsbedingungen einverstanden:<br \/>\nMitglieder, die sich an der Webseite landimkerei-schulz.de und\/oder deren Diskussionsforen und Kommentaren beteiligen, verpflichten sich dazu,<\/p>\n<p>1. i<em>n allen Bereichen von landimkerei-schulz.de deutsch zu sprechen und zu schreiben<\/em>. Alle Beitr\u00e4ge in ausl\u00e4ndischer Sprache werden ohne Vorank\u00fcndigung gel\u00f6scht!<\/p>\n<p>2. Sich in Ihren Beitr\u00e4gen jeglicher Beleidigungen, strafbarer Inhalte, Pornographie und grober Ausdrucksweise zu enthalten,<\/p>\n<p>3. Die alleinige Verantwortung f\u00fcr die von ihnen eingestellten Inhalte zu tragen, Rechte Dritter (insbesondere Marken-, Urheber- und Pers\u00f6nlichkeitsrechte) nicht zu verletzen und die Betreiber von landimkerei-schulz.de von durch ihre Beitr\u00e4ge ausgel\u00f6sten Anspr\u00fcchen Dritter vollst\u00e4ndig freizustellen.<\/p>\n<p>4. Weder auf der Webseite landimkerei-schulz.de und\/oder in deren Foren noch in Kommentaren Werbung irgendwelcher Art einzustellen oder Foren und Kommentare zu irgendeiner Art gewerblicher T\u00e4tigkeit zu nutzen. Insbesondere gilt das f\u00fcr die Ver\u00f6ffentlichung von \u00bb0900\u00ab-Rufnummern zu irgendeinem Zweck. Wer Werbung machen m\u00f6chte, beachte bitte die speziellen Bestimmungen f\u00fcr Werbepartner und deren Werbung.<\/p>\n<p>5. Ebenso nicht zul\u00e4ssig sind Verlinkungen auf Webseiten, welche PopUps oder sonstige Art von Werbung beinhalten, welche sich extern \u00f6ffnen, egal ob bei \u00d6ffnung der Webseite oder deren Schlie\u00dfung.<\/p>\n<p>6. Des weiteren ist es untersagt, in den Profilen Bilder zu ver\u00f6ffentlichen, die nur einen Teil des Bildes oder einer L\u00f6sung zeigen und wo das Mitglied direkt oder indirekt dazu aufgefordert wird, um das komplette Bild bzw. die L\u00f6sung zu sehen, auf einen angezeigten Link oder auf das Bild klicken muss und auf eine Seite weitergeleitet wird, wo entsprechende L\u00f6sung oder das komplette Bild zu sehen ist. Diese externen Seiten sind meist voll mit Werbung.<\/p>\n<p>7. Es d\u00fcrfen keine Bilder, Videos oder Texte von anderen Mitgliedern heruntergeladen, kopiert, gespeichert und anderweitig im Internet oder anderen Medien ver\u00f6ffentlicht werden ohne die ausdr\u00fcckliche Zustimmung des Autor\/Besitzers. Hier gilt das Urheberrecht und das Recht am eigenen Bild. Sollte gegen diese Regel versto\u00dfen werden, hat der Autor\/Besitzer das Recht, gegen entsprechendes Mitglied gesetzlich vorzugehen. Der Betreiber der Webseite landimkerei-schulz.de kann hingegen rechtlich nicht belangt werden, wird aber bei Hinweisen auf Verst\u00f6\u00dfe gegen diese Regel entsprechendes Mitglied von der Webseite ausschlie\u00dfen.<\/p>\n<p>Es besteht keinerlei Anspruch auf Ver\u00f6ffentlichung von eingereichten Kommentaren oder Forenbeitr\u00e4gen. Der Betreiber von landimkerei-schulz.de behalten sich vor, Kommentare und Forenbeitr\u00e4ge nach eigenem Ermessen zu editieren oder zu l\u00f6schen. Bei Verletzungen der Pflichten unter den Punkten 1 bis 8 behalten sich die Betreiber ferner vor, die Mitgliedschaft zeitlich begrenzt zu sperren oder dauernd zu l\u00f6schen.<\/p>\n<p><strong>7. Spezielle Bestimmungen f\u00fcr Werbepartner und deren Werbung<\/strong><\/p>\n<p>Werbepartner d\u00fcrfen nur in den daf\u00fcr vorgesehenen\u00a0 und erlaubten Bereichen Werbung schalten. Diese Werbung darf folgende Dinge nicht beinhalten:<\/p>\n<p>1. politische Werbung<\/p>\n<p>2. Rassistische, gewaltt\u00e4tige, politisch extremistische, sexistische, diskriminierende oder sonst anst\u00f6\u00dfige Ver\u00f6ffentlichungen, sowie solche, die andere Personen, Volksgruppen oder religi\u00f6se Bekenntnisse beleidigen, verleumden, bedrohen oder verbal herabsetzen<\/p>\n<p>3. Nacktaufnahmen und pornografische Motive bzw. Abbildungen von k\u00f6rperlicher oder sexueller Gewalt.<br \/>\n4. Aufnahmen von Opfern von Gewalttaten, Opfern von Krieg oder Opfern von Naturkatastrophen<br \/>\n5. die Verwendung von verfassungswidrigen Symbolen sowie die Abbildung von gewaltverherrlichenden Motiven oder Darstellungen von Kriegshandlungen.<br \/>\nEbenso nicht zul\u00e4ssig sind Verlinkungen auf Webseiten, welche PopUps oder sonstige Art von Werbung beinhalten, welche sich extern \u00f6ffnen, egal ob bei \u00d6ffnung der Webseite oder deren Schlie\u00dfung.<\/p>\n<p><b>8. Einreichen von Beitr\u00e4gen und Artikeln<\/b><br \/>\nSoweit das Mitglied von der M\u00f6glichkeit Gebrauch macht, eigene Beitr\u00e4ge f\u00fcr redaktionellen Teil von landimkerei-schulz.de einzureichen, gilt Folgendes:<br \/>\nVoraussetzung f\u00fcr das Posten eigener Beitr\u00e4ge ist, dass das Mitglied seinen vollst\u00e4ndigen und korrekten Vor- und Nachnamen in sein landimkerei-schulz.de &#8211; Benutzerprofil eingetragen hat oder nach dem Einreichen des Artikels dort eintr\u00e4gt. Mit dem dort eingetragenen Namen wird der eingereichte Beitrag bei Ver\u00f6ffentlichung (\u00f6ffentlich) gekennzeichnet.<br \/>\nDas Mitglied gibt f\u00fcr alle Beitr\u00e4ge, die von ihm oder ihr zuk\u00fcnftig auf landimkerei-schulz.de eingereicht werden, folgende Erkl\u00e4rungen ab:<\/p>\n<ul>\n<li>1. Das Mitglied versichert, das die eingereichten Beitr\u00e4ge frei von Rechten Dritter, insbesondere Urheber-, Marken- oder Pers\u00f6nlichkeitsrechten sind. Dies gilt f\u00fcr alle eingereichten Beitr\u00e4ge und Bildwerke.<\/li>\n<li>2. Das Mitglied r\u00e4umt den Betreibern von landimkerei-schulz.de ein uneingeschr\u00e4nktes Nutzungsrecht an den eingereichten Beitr\u00e4gen ein. Dieses umfasst die Ver\u00f6ffentlichung im Internet auf\u00a0 sowie auf anderen Internetservern, in Newslettern, Printmedien und anderen Publikationen.<\/li>\n<li>3. Eingereichte Beitr\u00e4ge werden auf Verlangen des Mitgliedes per Email an die Adresse des Webmasters wieder gel\u00f6scht bzw. anonymisiert. Die L\u00f6schung bzw. Anonymisierung erfolgt innerhalb von 7 Tagen nach der Mitteilung. F\u00fcr Folgesch\u00e4den, die dem Mitglied aus der versp\u00e4teten L\u00f6schung des Beitrages entstehen haften die Betreiber nur insoweit, als sie nicht auf einer Pflichtverletzung des Mitgliedes (oben unter 1), 2) und 3) ) und soweit sie dar\u00fcber hinaus auf grobem Verschulden oder Vorsatz der Betreiber von landimkerei-schulz.de beruhen. Wir weisen in diesem Zusammenhang ausdr\u00fccklich darauf hin, dass landimkerei-schulz.de regelm\u00e4\u00dfig von Suchmaschinen indexiert wird, und dass wir keinen Einfluss darauf haben, ob, wo und wie lange bei uns ver\u00f6ffentlichte Beitr\u00e4ge m\u00f6glicherweise auch nach L\u00f6schung bei landimkerei-schulz.de in Datenbanken von Suchmaschinen und Webkatalogen gespeichert werden und abrufbar sind.<\/li>\n<li>4. Es besteht keinerlei Anspruch auf Speicherung, Ver\u00f6ffentlichung oder Archivierung der eingereichten Beitr\u00e4ge. Die Betreiber behalten sich vor, eingereichte Beitr\u00e4ge ohne Angabe von Gr\u00fcnden nicht zu ver\u00f6ffentlichen, vor Ver\u00f6ffentlichung zu editieren oder nach Ver\u00f6ffentlichung nach freiem Ermessen wieder zu l\u00f6schen.<\/li>\n<li>5. Durch die Ver\u00f6ffentlichung eingereichter Beitr\u00e4ge entstehen keinerlei Verg\u00fctungsanspr\u00fcche (Honorare, Lizenzgeb\u00fchren, Aufwendungsentsch\u00e4digungen oder \u00e4hnliches) des Mitgliedes gegen\u00fcber landimkerei-schulz.de. Die Mitarbeit ist ehrenamtlich (unentgeltlich).<\/li>\n<\/ul>\n<p><b>9. Erkl\u00e4rung zum Datenschutz (Privacy Policy)<\/b><br \/>\nSofern innerhalb des Internetangebotes die M\u00f6glichkeit zur Eingabe pers\u00f6nlicher oder gesch\u00e4ftlicher Daten genutzt wird, so erfolgt die Preisgabe dieser Daten seitens des Nutzers auf ausdr\u00fccklich freiwilliger Basis. Die Inanspruchnahme unseres Dienstes ist &#8211; soweit technisch m\u00f6glich und zumutbar &#8211; auch ohne Angabe solcher Daten bzw. unter Angabe anonymisierter Daten oder eines Pseudonyms gestattet. Weitere wichtige Informationen zum Thema Datenschutz finden sich in unserer <a title=\"Erkl\u00e4rung zum Datenschutz\" href=\"https:\/\/www.dreiradfreunde.de\/drf\/datenschutzerklaerung\/\" target=\"_blank\" rel=\"noopener noreferrer\">Erkl\u00e4rung zum Datenschutz (Privacy Policy)<\/a>.<\/p>\n<h4><b>10. Registrierung und Passwort<\/b><\/h4>\n<p>Der Benutzer ist verpflichtet, die Kombination Benutzername\/Passwort vertraulich zu behandeln und nicht an Dritte weiterzugeben. Bei Verdacht auf Missbrauch der Zugangsdaten ist der Betreiber zu informieren.<\/p>\n<h4>11. K\u00fcndigung<\/h4>\n<p>Die Mitgliedschaft kann jederzeit ohne Angabe von Gr\u00fcnden gek\u00fcndigt werden. Dies kann zum einen \u00fcber eine Profill\u00f6schung im Profilbereich unter Einstellungen erfolgen, zum anderen kann auch eine Anfrage \u00fcber das Kontaktformular der Webseite landimkerei-schulz.de erfolgen. Der Inhaber\/Betreiber von landimkerei-schulz.de \u00fcbernimmt dann die L\u00f6schung der Mitgliedschaft.<\/p>\n<p>Eine R\u00fcckzahlung bereits bezahlter Nutzungsentgelte kann auf Grund der geringen Summe nicht erfolgen, da der Arbeits- und Kostenaufwand h\u00f6her w\u00e4re als die zu \u00fcberweisende Restsumme.<\/p>\n<p>Mit der K\u00fcndigung und L\u00f6schung der Mitgliedschaft werden auch alle auf landimkerei-schulz.de erstellten Inhalte gel\u00f6scht. Dies gilt auch f\u00fcr Kleinanzeigen, Termine und bei H\u00e4ndlern einen eventuell vorhandenen Eintrag im H\u00e4ndlerverzeichnis.<\/p>\n<p>Bei einer L\u00f6schanfrage \u00fcber das Kontaktformular vergewissert sich landimkerei-schulz.de vorher noch einmal bei dem Mitglied, ob dieses wirklich die L\u00f6schung m\u00f6chte. Danach erfolgt die L\u00f6schung aller Daten des Mitglieds zeitnah, im Regelfall innerhalb von 24 Stunden.<\/p>\n<h4>12. \u00c4nderungsvorbehalt<\/h4>\n<p>Der Inhaber\/Betreiber von landimkerei-schulz.de beh\u00e4lt sich das Recht vor, jederzeit Teile oder die gesamte Webseite landimkerei-schulz.de zu \u00e4ndern bzw. anzupassen oder Teilbereiche zu entfernen bzw. hinzuzuf\u00fcgen.<\/p>\n<p>Der Inhaber\/Betreiber von landimkerei-schulz.de beh\u00e4lt sich des weiteren das Recht vor, die Webseite landimkerei-schulz.de ohne Angabe von Gr\u00fcnden zu ver\u00e4u\u00dfern oder den Betrieb der Webseite landimkerei-schulz.de teilweise oder ganz einzustellen. Sollte dies geschehen, werden aber alle Mitglieder vorher rechtzeitig genug informiert.<\/p>\n<h4>13. Anwendbares Recht und Gerichtsstand<\/h4>\n<p>Der Vertrag wird in Deutsch abgefasst. Die weitere Durchf\u00fchrung der Vertragsbeziehung erfolgt in Deutsch. Es findet ausschlie\u00dflich das Recht der Bundesrepublik Deutschland Anwendung. F\u00fcr Verbraucher gilt dies nur insoweit, als dadurch keine gesetzlichen Bestimmungen des Staates eingeschr\u00e4nkt werden, in dem das Mitglied seinen Wohnsitz oder gew\u00f6hnlichen Aufenthalt hat. Gerichtsstand ist bei Streitigkeiten mit Mitgliedern, die kein Verbraucher, juristische Person des \u00f6ffentlichen Rechts oder \u00f6ffentlich-rechtliches Sonderverm\u00f6gen sind, Sitz des Inhabers\/Betreibers von landimkerei-schulz.de.<\/p>\n<p><b>14. Hinweis gem\u00e4\u00df Teledienstgesetz<\/b><br \/>\nF\u00fcr Internetseiten Dritter, auf die die dieses Angebot durch sog. Links verweist, tragen die jeweiligen Anbieter die Verantwortung. Der Betreiber ist f\u00fcr den Inhalt solcher Seiten Dritter nicht verantwortlich. Des Weiteren kann die Webseite ohne unser Wissen von anderen Seiten mittels sog. Links angelinkt werden. Der Betreiber \u00fcbernimmt keine Verantwortung f\u00fcr Darstellungen, Inhalt oder irgendeine Verbindung zu dieser Web-Seite in Webseiten Dritter. F\u00fcr fremde Inhalte ist der Betreiber nur dann verantwortlich, wenn von ihnen (d.h. auch von einem rechtswidrigen oder strafbaren Inhalt) positive Kenntnis vorliegt und es technisch m\u00f6glich und zumutbar ist, deren Nutzung zu verhindern. Der Betreiber ist nach dem Teledienstgesetz jedoch nicht verpflichtet, die fremden Inhalte st\u00e4ndig zu \u00fcberpr\u00fcfen.<\/p>\n<p><b>Kontakt<\/b><br \/>\nFragen rund um landimkerei-schulz.de bitte an den Webmaster richten.<\/p>\n<p><b>Rechtswirksamkeit<\/b><br \/>\nDiese Allgemeinen Nutzungsbedingungen beziehen sich auf landimkerei-schulz.de.<br \/>\nSofern Teile oder einzelne Formulierungen dieses Textes der geltenden Rechtslage nicht, nicht mehr oder nicht vollst\u00e4ndig entsprechen sollten, bleiben die \u00fcbrigen Teile des Dokumentes in ihrem Inhalt und ihrer G\u00fcltigkeit davon unber\u00fchrt.<\/p>\n<h4>Salvatorische Klausel<\/h4>\n<p>Die Unwirksamkeit einer Bestimmung dieser Nutzungsbedingungen hat keine Auswirkungen auf die Wirksamkeit der sonstigen Bestimmungen.<\/p>\n<p><strong>Streitschlichtung und Schlichtungsstellen<\/strong><\/p>\n<p>Sollte es zwischen Ihnen als Mitglied und mir als Inhaber\/Betreiber zu einem Streit kommen, den wir nicht gemeinsam l\u00f6sen k\u00f6nnen, so ist vor einem gerichtlichen Prozess eine Schlichtungsstelle f\u00fcr Onlinestreitigkeiten einzuschalten.<\/p>\n<p>Diese finden Sie\u00a0<a href=\"https:\/\/webgate.ec.europa.eu\/odr\" target=\"_blank\" rel=\"noopener noreferrer\">HIER<\/a>.<\/p>\n<p>ich bin aber stets bem\u00fcht, im Sinne meiner Mitglieder f\u00fcr jedes Problem eine L\u00f6sung zu finden, die beiden Seiten gerecht wird. Denn f\u00fcr mich ist das Mitglied (Kunde) immer noch K\u00f6nig.<\/p>\n<div class=\"woocommerce woocommerce-gzd woocommerce-gzd-complaints-shortcode\">\n<h4>Alternative Streitbeilegung gem\u00e4\u00df Art. 14 Abs. 1 ODR-VO und \u00a7 36 VSBG:<\/h4>\n<p>Die Europ\u00e4ische Kommission stellt eine Plattform zur Online-Streitbeilegung (OS) bereit, die du unter\u00a0<a href=\"https:\/\/ec.europa.eu\/consumers\/odr\" target=\"_blank\" rel=\"noopener noreferrer\">https:\/\/ec.europa.eu\/consumers\/odr<\/a>\u00a0findest. Wir sind bereit, an einem au\u00dfergerichtlichen Schlichtungsverfahren teilzunehmen.<\/p>\n<\/div>\n<p>Stand M\u00e4rz 2023<\/p>\n","protected":false},"excerpt":{"rendered":"<p>Allgemeine Nutzungsbedingungen f\u00fcr landimkerei-schulz.de 1. Informationen zum Urheberrecht Alle Informationen dieser Webseite werden wie angegeben ohne Anspruch auf Richtigkeit, Vollst\u00e4ndigkeit oder Aktualit\u00e4t zur Verf\u00fcgung gestellt. Wenn nicht ausdr\u00fccklich anderweitig in dieser Publikation zu verstehen gegeben, und zwar in Zusammenhang mit einem bestimmten Ausschnitt, einer Datei, oder einem Dokument, ist jedermann dazu berechtigt, dieses Dokument anzusehen,<\/p>\n","protected":false},"author":1,"featured_media":0,"parent":0,"menu_order":0,"comment_status":"closed","ping_status":"closed","template":"","meta":{"_rtcl_gb_attr":"","ocean_post_layout":"","ocean_both_sidebars_style":"","ocean_both_sidebars_content_width":0,"ocean_both_sidebars_sidebars_width":0,"ocean_sidebar":"0","ocean_second_sidebar":"0","ocean_disable_margins":"enable","ocean_add_body_class":"","ocean_shortcode_before_top_bar":"","ocean_shortcode_after_top_bar":"","ocean_shortcode_before_header":"","ocean_shortcode_after_header":"","ocean_has_shortcode":"","ocean_shortcode_after_title":"","ocean_shortcode_before_footer_widgets":"","ocean_shortcode_after_footer_widgets":"","ocean_shortcode_before_footer_bottom":"","ocean_shortcode_after_footer_bottom":"","ocean_display_top_bar":"default","ocean_display_header":"default","ocean_header_style":"","ocean_center_header_left_menu":"0","ocean_custom_header_template":"0","ocean_custom_logo":0,"ocean_custom_retina_logo":0,"ocean_custom_logo_max_width":0,"ocean_custom_logo_tablet_max_width":0,"ocean_custom_logo_mobile_max_width":0,"ocean_custom_logo_max_height":0,"ocean_custom_logo_tablet_max_height":0,"ocean_custom_logo_mobile_max_height":0,"ocean_header_custom_menu":"0","ocean_menu_typo_font_family":"0","ocean_menu_typo_font_subset":"","ocean_menu_typo_font_size":0,"ocean_menu_typo_font_size_tablet":0,"ocean_menu_typo_font_size_mobile":0,"ocean_menu_typo_font_size_unit":"px","ocean_menu_typo_font_weight":"","ocean_menu_typo_font_weight_tablet":"","ocean_menu_typo_font_weight_mobile":"","ocean_menu_typo_transform":"","ocean_menu_typo_transform_tablet":"","ocean_menu_typo_transform_mobile":"","ocean_menu_typo_line_height":0,"ocean_menu_typo_line_height_tablet":0,"ocean_menu_typo_line_height_mobile":0,"ocean_menu_typo_line_height_unit":"","ocean_menu_typo_spacing":0,"ocean_menu_typo_spacing_tablet":0,"ocean_menu_typo_spacing_mobile":0,"ocean_menu_typo_spacing_unit":"","ocean_menu_link_color":"","ocean_menu_link_color_hover":"","ocean_menu_link_color_active":"","ocean_menu_link_background":"","ocean_menu_link_hover_background":"","ocean_menu_link_active_background":"","ocean_menu_social_links_bg":"","ocean_menu_social_hover_links_bg":"","ocean_menu_social_links_color":"","ocean_menu_social_hover_links_color":"","ocean_disable_title":"default","ocean_disable_heading":"default","ocean_post_title":"","ocean_post_subheading":"","ocean_post_title_style":"","ocean_post_title_background_color":"","ocean_post_title_background":0,"ocean_post_title_bg_image_position":"","ocean_post_title_bg_image_attachment":"","ocean_post_title_bg_image_repeat":"","ocean_post_title_bg_image_size":"","ocean_post_title_height":0,"ocean_post_title_bg_overlay":0.5,"ocean_post_title_bg_overlay_color":"","ocean_disable_breadcrumbs":"default","ocean_breadcrumbs_color":"","ocean_breadcrumbs_separator_color":"","ocean_breadcrumbs_links_color":"","ocean_breadcrumbs_links_hover_color":"","ocean_display_footer_widgets":"default","ocean_display_footer_bottom":"default","ocean_custom_footer_template":"0","omw_enable_modal_window":"enable","footnotes":""},"class_list":["post-1405","page","type-page","status-publish","hentry","entry"],"_links":{"self":[{"href":"https:\/\/www.landimkerei-schulz.de\/lis_v1\/wp-json\/wp\/v2\/pages\/1405","targetHints":{"allow":["GET"]}}],"collection":[{"href":"https:\/\/www.landimkerei-schulz.de\/lis_v1\/wp-json\/wp\/v2\/pages"}],"about":[{"href":"https:\/\/www.landimkerei-schulz.de\/lis_v1\/wp-json\/wp\/v2\/types\/page"}],"author":[{"embeddable":true,"href":"https:\/\/www.landimkerei-schulz.de\/lis_v1\/wp-json\/wp\/v2\/users\/1"}],"replies":[{"embeddable":true,"href":"https:\/\/www.landimkerei-schulz.de\/lis_v1\/wp-json\/wp\/v2\/comments?post=1405"}],"version-history":[{"count":2,"href":"https:\/\/www.landimkerei-schulz.de\/lis_v1\/wp-json\/wp\/v2\/pages\/1405\/revisions"}],"predecessor-version":[{"id":2062,"href":"https:\/\/www.landimkerei-schulz.de\/lis_v1\/wp-json\/wp\/v2\/pages\/1405\/revisions\/2062"}],"wp:attachment":[{"href":"https:\/\/www.landimkerei-schulz.de\/lis_v1\/wp-json\/wp\/v2\/media?parent=1405"}],"curies":[{"name":"wp","href":"https:\/\/api.w.org\/{rel}","templated":true}]}}